{"id":944,"date":"2025-04-17T18:11:26","date_gmt":"2025-04-17T18:11:26","guid":{"rendered":"https:\/\/www.jd-busbar.com\/?post_type=product&#038;p=944"},"modified":"2025-04-30T16:43:26","modified_gmt":"2025-04-30T16:43:26","slug":"bhfs-5-35d-carril-conductor-de-potencia","status":"publish","type":"product","link":"https:\/\/www.jd-busbar.com\/es\/bhfs-5-35d-power-conductor-rail\/","title":{"rendered":"BHFS-5-35D Carril conductor de potencia"},"content":{"rendered":"<div style=\"width: 1280px;\" class=\"wp-video\"><video class=\"wp-video-shortcode\" id=\"video-944-1\" width=\"1280\" height=\"720\" preload=\"metadata\" controls=\"controls\"><source type=\"video\/mp4\" src=\"https:\/\/www.jd-busbar.com\/wp-content\/uploads\/2025\/04\/power-conductor-rail.mp4?_=1\" \/><a href=\"https:\/\/www.jd-busbar.com\/wp-content\/uploads\/2025\/04\/power-conductor-rail.mp4\">https:\/\/www.jd-busbar.com\/wp-content\/uploads\/2025\/04\/power-conductor-rail.mp4<\/a><\/video><\/div>\n<h3>35 mm<sup>2<\/sup> Carril conductor de potencia con caracter\u00edsticas:<\/h3>\n<ul>\n<li>Sin carga a\u00f1adida en el elevador: La l\u00ednea de contacto deslizante se fija en secciones est\u00e1ndar, distribuyendo el peso uniformemente sin aumentar la carga de la jaula.<\/li>\n<li>Resistente a la intemperie: Fijada a secciones est\u00e1ndar, la l\u00ednea de contacto deslizante permanece inm\u00f3vil independientemente del viento, lo que garantiza un funcionamiento ininterrumpido del ascensor.<\/li>\n<li>Bajo riesgo de robo: La l\u00ednea de contacto deslizante tiene poco valor una vez desmontada, lo que la hace poco atractiva para el robo.<\/li>\n<li>F\u00e1cilmente sustituible: Si se da\u00f1a, s\u00f3lo hay que sustituir la pieza afectada, con reparaciones sencillas in situ separando las juntas.<\/li>\n<li>Sin riesgo de sobrecarga: Si falla el l\u00edmite, el colector se desconectar\u00e1 autom\u00e1ticamente del cable de deslizamiento, deteniendo la elevaci\u00f3n sin que se produzca topping.<\/li>\n<li>Ajustable al avance del proyecto: Cada l\u00ednea de contacto deslizante tiene 3016 mm de longitud y puede a\u00f1adirse o ajustarse f\u00e1cilmente conectando secciones enchufables.<\/li>\n<li>Reutilizable: La l\u00ednea de contacto deslizante dura entre 4 y 6 a\u00f1os y puede reutilizarse una vez finalizado el proyecto.<\/li>\n<\/ul>\n<h3 style=\"margin-top: 50px;\">Casos de proyectos:<\/h3>\n<div class=\"case\">\n<div class=\"case-text\">\n<h4>Caso 1: Proyecto de construcci\u00f3n del Ningbo Centre<\/h4>\n<ul>\n<li>Modelo del producto: BHFS-5-35D\/165<\/li>\n<li>Fecha de instalaci\u00f3n inicial: 2020-7<\/li>\n<li>Altura total: 409 metros<\/li>\n<li>Fabricante de ascensores: Nanjing Goliath<\/li>\n<li>Potencia del motor: 3*11kW<\/li>\n<\/ul>\n<\/div>\n<div class=\"case-img\"><img decoding=\"async\" src=\"\/wp-content\/uploads\/2025\/04\/35d-case1-1.webp\" alt=\"35mm2 Carril conductor de potencia malet\u00edn de proyecto\" \/><\/div>\n<div class=\"case-img\"><img decoding=\"async\" src=\"\/wp-content\/uploads\/2025\/04\/35d-case1-2.webp\" alt=\"35mm2 Carril conductor de potencia malet\u00edn de proyecto\" \/><\/div>\n<\/div>\n<div class=\"case\">\n<div class=\"case-text\">\n<h4>Caso 2: Zhonghai Chengdu Tianfu New District Supertall Project<\/h4>\n<ul>\n<li>Modelo del producto: BHFS-5-35D\/165<\/li>\n<li>Fecha de instalaci\u00f3n inicial: 2023-12<\/li>\n<li>Altura total: 489 metros<\/li>\n<li>Fabricante de ascensores: LiuGong Jianghan<\/li>\n<li>Potencia del motor: 3*23 kW<\/li>\n<\/ul>\n<\/div>\n<div class=\"case-img\"><img decoding=\"async\" src=\"\/wp-content\/uploads\/2025\/04\/35d-case2-1.webp\" alt=\"35mm2 Carril conductor de potencia malet\u00edn de proyecto\" \/><\/div>\n<div class=\"case-img\"><img decoding=\"async\" src=\"\/wp-content\/uploads\/2025\/04\/35d-case2-2.webp\" alt=\"35mm2 Carril conductor de potencia malet\u00edn de proyecto\" \/><\/div>\n<\/div>","protected":false},"excerpt":{"rendered":"<h2>35 mm<sup>2<\/sup> Carril conductor de potencia<\/h2>\n<ul>\n<li>Modelo: BHFS-5-35D\/165<\/li>\n<li>Corriente nominal (A): 165<\/li>\n<li>Tensi\u00f3n nominal (V): 380\/690<\/li>\n<li>Dimensiones de la unidad (mm): 3016 x 85 x 69<\/li>\n<li>Peso unitario (kg): 11.9<\/li>\n<li>Equivalente a 35 mm2 de cable de cobre<\/li>\n<\/ul>\n<p><strong>Carril conductor de potencia<\/strong> es un nuevo tipo de dispositivo de transmisi\u00f3n y distribuci\u00f3n de energ\u00eda utilizado en gr\u00faas de construcci\u00f3n. Su cubierta exterior est\u00e1 hecha de material aislante de alta calidad, con 5 cables de aluminio de transmisi\u00f3n incrustados como barra colectora de transmisi\u00f3n y un colector m\u00f3vil y flexible. Tiene una estructura simple y compacta, es seguro y fiable, y ahorra energ\u00eda.<br \/>\nLa longitud de cada uno es de 3016 mm (igual a la altura de 2 tramos est\u00e1ndar), y se monta directamente sobre el tramo est\u00e1ndar con fijaciones de hierro. Su nacimiento ha resuelto eficazmente los problemas de la corta vida \u00fatil de los cables, la facilidad de robo y la facilidad de desconexi\u00f3n con viento, que afecta a la seguridad de la construcci\u00f3n y otros problemas que han preocupado a los clientes durante muchos a\u00f1os.<\/p>","protected":false},"featured_media":1198,"template":"","meta":{"_uag_custom_page_level_css":"","site-sidebar-layout":"default","site-content-layout":"","ast-site-content-layout":"default","site-content-style":"default","site-sidebar-style":"default","ast-global-header-display":"","ast-banner-title-visibility":"","ast-main-header-display":"","ast-hfb-above-header-display":"","ast-hfb-below-header-display":"","ast-hfb-mobile-header-display":"","site-post-title":"","ast-breadcrumbs-content":"","ast-featured-img":"","footer-sml-layout":"","ast-disable-related-posts":"","theme-transparent-header-meta":"default","adv-header-id-meta":"","stick-header-meta":"default","header-above-stick-meta":"","header-main-stick-meta":"","header-below-stick-meta":"","astra-migrate-meta-layouts":"set","ast-page-background-enabled":"default","ast-page-background-meta":{"desktop":{"background-color":"var(--ast-global-color-5)","background-image":"","background-repeat":"repeat","background-position":"center center","background-size":"auto","background-attachment":"scroll","background-type":"","background-media":"","overlay-type":"","overlay-color":"","overlay-opacity":"","overlay-gradient":""},"tablet":{"background-color":"","background-image":"","background-repeat":"repeat","background-position":"center center","background-size":"auto","background-attachment":"scroll","background-type":"","background-media":"","overlay-type":"","overlay-color":"","overlay-opacity":"","overlay-gradient":""},"mobile":{"background-color":"","background-image":"","background-repeat":"repeat","background-position":"center center","background-size":"auto","background-attachment":"scroll","background-type":"","background-media":"","overlay-type":"","overlay-color":"","overlay-opacity":"","overlay-gradient":""}},"ast-content-background-meta":{"desktop":{"background-color":"var(--ast-global-color-4)","background-image":"","background-repeat":"repeat","background-position":"center center","background-size":"auto","background-attachment":"scroll","background-type":"","background-media":"","overlay-type":"","overlay-color":"","overlay-opacity":"","overlay-gradient":""},"tablet":{"background-color":"var(--ast-global-color-4)","background-image":"","background-repeat":"repeat","background-position":"center center","background-size":"auto","background-attachment":"scroll","background-type":"","background-media":"","overlay-type":"","overlay-color":"","overlay-opacity":"","overlay-gradient":""},"mobile":{"background-color":"var(--ast-global-color-4)","background-image":"","background-repeat":"repeat","background-position":"center center","background-size":"auto","background-attachment":"scroll","background-type":"","background-media":"","overlay-type":"","overlay-color":"","overlay-opacity":"","overlay-gradient":""}}},"product_brand":[],"product_cat":[18,17],"product_tag":[30],"class_list":{"0":"post-944","1":"product","2":"type-product","3":"status-publish","4":"has-post-thumbnail","6":"product_cat-conductor-busbar","7":"product_cat-busbar-system","8":"product_tag-power-conductor-rail","9":"desktop-align-center","10":"tablet-align-center","11":"mobile-align-center","12":"ast-product-gallery-layout-horizontal-slider","13":"ast-product-tabs-layout-horizontal","15":"first","16":"instock","17":"shipping-taxable","18":"product-type-simple"},"spectra_custom_meta":{"rank_math_internal_links_processed":["1","1"],"total_sales":["0"],"_tax_status":["taxable"],"_tax_class":[""],"_manage_stock":["no"],"_backorders":["no"],"_sold_individually":["no"],"_virtual":["no"],"_downloadable":["no"],"_product_image_gallery":["1154,1153,1152"],"_download_limit":["-1"],"_download_expiry":["-1"],"_thumbnail_id":["1198"],"_stock":[null],"_stock_status":["instock"],"_wc_average_rating":["0"],"_wc_review_count":["0"],"_product_version":["9.8.2"],"rank_math_seo_score":["75"],"rank_math_primary_product_brand":["0"],"rank_math_primary_product_cat":["18"],"site-sidebar-layout":["default"],"ast-site-content-layout":["default"],"site-content-style":["default"],"site-sidebar-style":["default"],"theme-transparent-header-meta":["default"],"rank_math_focus_keyword":["Power Conductor Rail"],"parameters":["<h3>Parameters for 35mm<sup>2<\/sup> Power Conductor Rail:<\/h3>\r\n<div style=\"overflow-x: auto;\">\r\n<table>\r\n<tbody>\r\n<tr>\r\n<th>Name of Parameter<\/th>\r\n<th>Model: BHFS-5-35C\/165<\/th>\r\n<th>Model: BHFS-5-35D\/165<\/th>\r\n<\/tr>\r\n<tr>\r\n<td>Rated current<\/td>\r\n<td>165A<\/td>\r\n<td>165A<\/td>\r\n<\/tr>\r\n<tr>\r\n<td>Rated voltage<\/td>\r\n<td>380V<\/td>\r\n<td>380V<\/td>\r\n<\/tr>\r\n<tr>\r\n<td>Power supply mode<\/td>\r\n<td>Three-phase five-wire<\/td>\r\n<td>Three-phase five-wire<\/td>\r\n<\/tr>\r\n<tr>\r\n<td>Single-wire specification<\/td>\r\n<td>3016x75x60mm<\/td>\r\n<td>3016x85x69mm<\/td>\r\n<\/tr>\r\n<tr>\r\n<td> Single weight<\/td>\r\n<td>10.2kg<\/td>\r\n<td>11.9kg<\/td>\r\n<\/tr>\r\n<tr>\r\n<td>Insulation resistance<\/td>\r\n<td>&ge;0.5MQ<\/td>\r\n<td>&ge;0.5MQ<\/td>\r\n<\/tr>\r\n<tr>\r\n<td>Insulation dielectric strength<\/td>\r\n<td>Power frequency AC 3750V, 1min without breakdown flicker<\/td>\r\n<td>Power frequency AC 3750V, 1min without breakdown flicker<\/td>\r\n<\/tr>\r\n<tr>\r\n<td>Shell protection level<\/td>\r\n<td>IP23<\/td>\r\n<td>IP23<\/td>\r\n<\/tr>\r\n<tr>\r\n<td>Electrothermal stability<\/td>\r\n<td>20 times|rated 1s<\/td>\r\n<td>20 times|rated 1s<\/td>\r\n<\/tr>\r\n<tr>\r\n<td>Rated short-time withstand current and<br \/> Rated peak withstand current<\/td>\r\n<td>4.5KA\/6.75KA<\/td>\r\n<td>4.5KA\/6.75KA<\/td>\r\n<\/tr>\r\n<tr>\r\n<td>Environmental indicators<\/td>\r\n<td>1. High temperature resistance test: ordinary type +55&deg;C<br \/> 2. Low temperature resistance test -30&deg;C<br \/> 3. Moisture and heat resistance test relative humidity 95%, +25&deg;C<br \/> 4. Atmospheric pressure 86-106KPa<\/td>\r\n<td>1. High temperature resistance test: ordinary type +55&deg;C<br \/> 2. Low temperature resistance test -30&deg;C<br \/> 3. Moisture and heat resistance test relative humidity 95%, +25&deg;C<br \/> 4. Atmospheric pressure 86-106KPa<\/td>\r\n<\/tr>\r\n<tr>\r\n<td>Flame retardancy<\/td>\r\n<td>V0 grade<\/td>\r\n<td>V0 grade<\/td>\r\n<\/tr>\r\n<tr>\r\n<td>Transmission busbar parameters<\/td>\r\n<td>Meet the requirements of GB3048 (electrical properties of wire and cable conductors) standard<br \/> Resistivity &le;0.0289mm&sup2;\/m (at +20&deg;C)<\/td>\r\n<td>Meet the requirements of GB3048 (electrical properties of wire and cable conductors) standard<br \/> Resistivity &le;0.0289mm&sup2;\/m (at +20&deg;C)<\/td>\r\n<\/tr>\r\n<tr>\r\n<td>Current collector<\/td>\r\n<td>Traction force: F&lt;80N; Movement speed: V&le;100m\/min<\/td>\r\n<td>Traction force: F&lt;80N; Movement speed: V&le;100m\/min<\/td>\r\n<\/tr>\r\n<tr>\r\n<td>Brush coefficient<\/td>\r\n<td>Running 2000KM, wear amount &lt;0.8mm<br \/> Effective brush wear: 5-7mm;<br \/> Effective working pressure: 3.72-5.36N\/cm&sup2;<\/td>\r\n<td>Running 2000KM, wear amount &lt;0.8mm<br \/> Effective brush wear: 9-11mm;<br \/> Effective working pressure: 3.72-5.36N\/cm&sup2;<\/td>\r\n<\/tr>\r\n<tr>\r\n<td>Resistance<\/td>\r\n<td>1.06x10&#8315;<sup>3<\/sup>&ohm;\/m<\/td>\r\n<td>1.06x10&#8315;<sup>3<\/sup>&ohm;\/m<\/td>\r\n<\/tr>\r\n<\/tbody>\r\n<\/table>\r\n<\/div>\r\n<h3>Comparison Description of BHFS-5-35C\/165 and BHFS-5-35D\/165:<\/h3>\r\n\r\n<div class=\"wp-block-file\"><object class=\"wp-block-file__embed\" data=\"https:\/\/www.jd-busbar.com\/wp-content\/uploads\/2025\/04\/35mm-vs-s.pdf\" type=\"application\/pdf\" style=\"width:100%;height:600px\" aria-label=\"35mm-vs-s\"><\/object><a id=\"wp-block-file--media-e860a7de-88fe-4467-b5ed-520c4ffd5904\" href=\"https:\/\/www.jd-busbar.com\/wp-content\/uploads\/2025\/04\/35mm-vs-s.pdf\">35mm-vs-s<\/a><\/div>"],"stick-header-meta":["default"],"rank_math_contentai_score":["a:5:{s:8:\"keywords\";s:5:\"74.51\";s:9:\"wordCount\";s:1:\"0\";s:9:\"linkCount\";s:1:\"0\";s:12:\"headingCount\";s:1:\"0\";s:10:\"mediaCount\";s:1:\"0\";}"],"_edit_lock":["1746031339:1"],"_edit_last":["1"],"_wp_old_slug":["remarkable-power-conductor-rail-copy"],"_product_attributes":["a:3:{s:22:\"pa_application-section\";a:6:{s:4:\"name\";s:22:\"pa_application-section\";s:5:\"value\";s:0:\"\";s:8:\"position\";i:0;s:10:\"is_visible\";i:0;s:12:\"is_variation\";i:0;s:11:\"is_taxonomy\";i:1;}s:21:\"pa_application-fields\";a:6:{s:4:\"name\";s:21:\"pa_application-fields\";s:5:\"value\";s:0:\"\";s:8:\"position\";i:1;s:10:\"is_visible\";i:0;s:12:\"is_variation\";i:0;s:11:\"is_taxonomy\";i:1;}s:8:\"pa_model\";a:6:{s:4:\"name\";s:8:\"pa_model\";s:5:\"value\";s:0:\"\";s:8:\"position\";i:2;s:10:\"is_visible\";i:0;s:12:\"is_variation\";i:0;s:11:\"is_taxonomy\";i:1;}}"],"astra-migrate-meta-layouts":["set"],"_uag_page_assets":["a:9:{s:3:\"css\";s:0:\"\";s:2:\"js\";s:0:\"\";s:18:\"current_block_list\";a:8:{i:0;s:11:\"core\/search\";i:1;s:10:\"core\/group\";i:2;s:12:\"core\/heading\";i:3;s:17:\"core\/latest-posts\";i:4;s:20:\"core\/latest-comments\";i:5;s:13:\"core\/archives\";i:6;s:15:\"core\/categories\";i:7;s:14:\"core\/shortcode\";}s:8:\"uag_flag\";b:0;s:11:\"uag_version\";i:1778148843;s:6:\"gfonts\";a:0:{}s:10:\"gfonts_url\";s:0:\"\";s:12:\"gfonts_files\";a:0:{}s:14:\"uag_faq_layout\";b:0;}"]},"uagb_featured_image_src":{"full":["https:\/\/www.jd-busbar.com\/wp-content\/uploads\/2025\/04\/35d-v3-1.webp",1200,1200,false],"thumbnail":["https:\/\/www.jd-busbar.com\/wp-content\/uploads\/2025\/04\/35d-v3-1-150x150.webp",150,150,true],"medium":["https:\/\/www.jd-busbar.com\/wp-content\/uploads\/2025\/04\/35d-v3-1-300x300.webp",300,300,true],"medium_large":["https:\/\/www.jd-busbar.com\/wp-content\/uploads\/2025\/04\/35d-v3-1-768x768.webp",768,768,true],"large":["https:\/\/www.jd-busbar.com\/wp-content\/uploads\/2025\/04\/35d-v3-1-1024x1024.webp",1024,1024,true],"1536x1536":["https:\/\/www.jd-busbar.com\/wp-content\/uploads\/2025\/04\/35d-v3-1.webp",1200,1200,false],"2048x2048":["https:\/\/www.jd-busbar.com\/wp-content\/uploads\/2025\/04\/35d-v3-1.webp",1200,1200,false],"trp-custom-language-flag":["https:\/\/www.jd-busbar.com\/wp-content\/uploads\/2025\/04\/35d-v3-1-12x12.webp",12,12,true],"woocommerce_thumbnail":["https:\/\/www.jd-busbar.com\/wp-content\/uploads\/2025\/04\/35d-v3-1-300x300.webp",300,300,true],"woocommerce_single":["https:\/\/www.jd-busbar.com\/wp-content\/uploads\/2025\/04\/35d-v3-1-800x800.webp",800,800,true],"woocommerce_gallery_thumbnail":["https:\/\/www.jd-busbar.com\/wp-content\/uploads\/2025\/04\/35d-v3-1-100x100.webp",100,100,true]},"uagb_author_info":{"display_name":"admin","author_link":"https:\/\/www.jd-busbar.com\/es\/author\/"},"uagb_comment_info":0,"uagb_excerpt":"35mm2 Power Conductor Rail Model: BHFS-5-35D\/165 Rated current (A): 165 Rated voltage (V): 380\/690 Unit dimensio (mm): 3016 x 85 x 69 Unit weight (kg): 11.9 Equivalent to 35 sq. mm copper cable Power Conductor Rail is a new type of power transmission and distribution device used in construction cranes. Its outer shell is made&hellip;","_links":{"self":[{"href":"https:\/\/www.jd-busbar.com\/es\/wp-json\/wp\/v2\/product\/944","targetHints":{"allow":["GET"]}}],"collection":[{"href":"https:\/\/www.jd-busbar.com\/es\/wp-json\/wp\/v2\/product"}],"about":[{"href":"https:\/\/www.jd-busbar.com\/es\/wp-json\/wp\/v2\/types\/product"}],"wp:featuredmedia":[{"embeddable":true,"href":"https:\/\/www.jd-busbar.com\/es\/wp-json\/wp\/v2\/media\/1198"}],"wp:attachment":[{"href":"https:\/\/www.jd-busbar.com\/es\/wp-json\/wp\/v2\/media?parent=944"}],"wp:term":[{"taxonomy":"product_brand","embeddable":true,"href":"https:\/\/www.jd-busbar.com\/es\/wp-json\/wp\/v2\/product_brand?post=944"},{"taxonomy":"product_cat","embeddable":true,"href":"https:\/\/www.jd-busbar.com\/es\/wp-json\/wp\/v2\/product_cat?post=944"},{"taxonomy":"product_tag","embeddable":true,"href":"https:\/\/www.jd-busbar.com\/es\/wp-json\/wp\/v2\/product_tag?post=944"}],"curies":[{"name":"wp","href":"https:\/\/api.w.org\/{rel}","templated":true}]}}