{"id":943,"date":"2025-04-17T18:04:12","date_gmt":"2025-04-17T18:04:12","guid":{"rendered":"https:\/\/www.jd-busbar.com\/?post_type=product&#038;p=943"},"modified":"2025-04-30T16:41:37","modified_gmt":"2025-04-30T16:41:37","slug":"sistema-de-barras-conductoras-bhfs-5-16b","status":"publish","type":"product","link":"https:\/\/www.jd-busbar.com\/es\/bhfs-5-16b-conductor-bar-system\/","title":{"rendered":"Sistema de barras conductoras BHFS-5-16B"},"content":{"rendered":"<h3>16 mm<sup>2<\/sup> Sistema de barras conductoras con caracter\u00edsticas:<\/h3>\n<ul>\n<li>No absorbe la carga del elevador: el sistema de barras conductoras se fija en la secci\u00f3n est\u00e1ndar, el peso se descompone en cada secci\u00f3n est\u00e1ndar y no aumenta la carga de la jaula.<\/li>\n<li>No se ve afectado por las condiciones meteorol\u00f3gicas: el sistema de barras conductoras est\u00e1 fijado en la secci\u00f3n est\u00e1ndar, no importa lo ventoso que sea, est\u00e1 inm\u00f3vil y no afecta al funcionamiento del polipasto de construcci\u00f3n.<\/li>\n<li>No es f\u00e1cil de perder: el desmantelamiento de los cables de deslizamiento no es rentable, ya que tienen poco valor a\u00f1adido.<\/li>\n<li>Da\u00f1o f\u00e1cil de reemplazar: la barra conductora es piezas ensambladas, que las partes est\u00e1n da\u00f1adas, s\u00f3lo tiene que sustituir las piezas da\u00f1adas, no es necesario sustituir toda la ra\u00edz, y las partes son m\u00e1s f\u00e1ciles de reemplazar, s\u00f3lo tiene que desmontar las articulaciones pueden ser reemplazados en el acto.<\/li>\n<li>No topping: Cuando el polipasto de construcci\u00f3n est\u00e1 equipado con un sistema de barra conductora, Si el limitador falla y el colector se sale de la parte superior, el sistema cortar\u00e1 autom\u00e1ticamente el suministro de energ\u00eda, y el polipasto dejar\u00e1 de funcionar y no ser\u00e1 rematado.<\/li>\n<li>Puede a\u00f1adirse seg\u00fan el avance del proyecto: la longitud de cada uno es de 3016 mm, lo que equivale a la altura de dos secciones est\u00e1ndar, y el m\u00e9todo de conexi\u00f3n es de tipo enchufable, que puede a\u00f1adirse con la altura de la secci\u00f3n est\u00e1ndar.<\/li>\n<li>Reciclable: puede utilizarse normalmente de 4 a 6 a\u00f1os y, una vez finalizado el proyecto, puede volver a utilizarse.<\/li>\n<\/ul>","protected":false},"excerpt":{"rendered":"<h2>16 mm<sup>2<\/sup> Sistema de barras conductoras<\/h2>\n<ul>\n<li>Modelo: BHFS-5-16B\/80<\/li>\n<li>Corriente nominal (A): 80<\/li>\n<li>Tensi\u00f3n nominal (V): 380<\/li>\n<li>Alimentaci\u00f3n: trif\u00e1sica de cinco hilos<\/li>\n<li>Tama\u00f1o de la unidad (mm): 3016 x 60 x 74<\/li>\n<li>Peso unitario (kg): 6.3<\/li>\n<li>Grado de protecci\u00f3n de la caja: IP23<\/li>\n<\/ul>\n<p><strong>Sistema de barras conductoras<\/strong> es un nuevo tipo de dispositivo de distribuci\u00f3n de energ\u00eda, adopta materiales aislantes de alta calidad para su cubierta, incrustado 5 conductores de aluminio de transmisi\u00f3n de energ\u00eda como barra colectora de transmisi\u00f3n de energ\u00eda, y configurado con colector m\u00f3vil y flexible, que es simple y compacto en estructura, seguro y fiable, y ahorra energ\u00eda el\u00e9ctrica.<br \/>\nLa longitud de la unidad es de 3016 mm (igual a la altura de 2 secciones est\u00e1ndar), y se monta directamente en la secci\u00f3n est\u00e1ndar con fijaciones de hierro. Su nacimiento ha resuelto eficazmente los problemas de la corta vida \u00fatil de los cables, la facilidad de robo y la facilidad de desconexi\u00f3n con viento, que afecta a la seguridad de la construcci\u00f3n y otros problemas que han preocupado a los clientes durante muchos a\u00f1os.<\/p>","protected":false},"featured_media":1201,"template":"","meta":{"_uag_custom_page_level_css":"","site-sidebar-layout":"default","site-content-layout":"","ast-site-content-layout":"default","site-content-style":"default","site-sidebar-style":"default","ast-global-header-display":"","ast-banner-title-visibility":"","ast-main-header-display":"","ast-hfb-above-header-display":"","ast-hfb-below-header-display":"","ast-hfb-mobile-header-display":"","site-post-title":"","ast-breadcrumbs-content":"","ast-featured-img":"","footer-sml-layout":"","ast-disable-related-posts":"","theme-transparent-header-meta":"default","adv-header-id-meta":"","stick-header-meta":"default","header-above-stick-meta":"","header-main-stick-meta":"","header-below-stick-meta":"","astra-migrate-meta-layouts":"set","ast-page-background-enabled":"default","ast-page-background-meta":{"desktop":{"background-color":"var(--ast-global-color-5)","background-image":"","background-repeat":"repeat","background-position":"center center","background-size":"auto","background-attachment":"scroll","background-type":"","background-media":"","overlay-type":"","overlay-color":"","overlay-opacity":"","overlay-gradient":""},"tablet":{"background-color":"","background-image":"","background-repeat":"repeat","background-position":"center center","background-size":"auto","background-attachment":"scroll","background-type":"","background-media":"","overlay-type":"","overlay-color":"","overlay-opacity":"","overlay-gradient":""},"mobile":{"background-color":"","background-image":"","background-repeat":"repeat","background-position":"center center","background-size":"auto","background-attachment":"scroll","background-type":"","background-media":"","overlay-type":"","overlay-color":"","overlay-opacity":"","overlay-gradient":""}},"ast-content-background-meta":{"desktop":{"background-color":"var(--ast-global-color-4)","background-image":"","background-repeat":"repeat","background-position":"center center","background-size":"auto","background-attachment":"scroll","background-type":"","background-media":"","overlay-type":"","overlay-color":"","overlay-opacity":"","overlay-gradient":""},"tablet":{"background-color":"var(--ast-global-color-4)","background-image":"","background-repeat":"repeat","background-position":"center center","background-size":"auto","background-attachment":"scroll","background-type":"","background-media":"","overlay-type":"","overlay-color":"","overlay-opacity":"","overlay-gradient":""},"mobile":{"background-color":"var(--ast-global-color-4)","background-image":"","background-repeat":"repeat","background-position":"center center","background-size":"auto","background-attachment":"scroll","background-type":"","background-media":"","overlay-type":"","overlay-color":"","overlay-opacity":"","overlay-gradient":""}}},"product_brand":[],"product_cat":[18,17],"product_tag":[26],"class_list":{"0":"post-943","1":"product","2":"type-product","3":"status-publish","4":"has-post-thumbnail","6":"product_cat-conductor-busbar","7":"product_cat-busbar-system","8":"product_tag-conductor-bar-system","9":"desktop-align-center","10":"tablet-align-center","11":"mobile-align-center","12":"ast-product-gallery-layout-horizontal-slider","13":"ast-product-tabs-layout-horizontal","15":"first","16":"instock","17":"shipping-taxable","18":"product-type-simple"},"spectra_custom_meta":{"rank_math_internal_links_processed":["1","1"],"total_sales":["0"],"_tax_status":["taxable"],"_tax_class":[""],"_manage_stock":["no"],"_backorders":["no"],"_sold_individually":["no"],"_virtual":["no"],"_downloadable":["no"],"_product_image_gallery":["1150,1149,1148"],"_download_limit":["-1"],"_download_expiry":["-1"],"_thumbnail_id":["1201"],"_stock":[null],"_stock_status":["instock"],"_wc_average_rating":["0"],"_wc_review_count":["0"],"_product_version":["9.8.2"],"site-sidebar-layout":["default"],"ast-site-content-layout":["default"],"site-content-style":["default"],"site-sidebar-style":["default"],"theme-transparent-header-meta":["default"],"rank_math_seo_score":["73"],"rank_math_contentai_score":["a:5:{s:8:\"keywords\";s:5:\"74.51\";s:9:\"wordCount\";s:1:\"0\";s:9:\"linkCount\";s:1:\"0\";s:12:\"headingCount\";s:1:\"0\";s:10:\"mediaCount\";s:1:\"0\";}"],"rank_math_primary_product_brand":["0"],"rank_math_primary_product_cat":["18"],"rank_math_title":["%title% %sep% %sitename%"],"rank_math_focus_keyword":["Conductor Bar System"],"parameters":["<h3>Parameters for 16mm<sup>2<\/sup> Conductor Bar System:<\/h3>\r\n<div style=\"overflow-x: auto;\">\r\n<table>\r\n<tbody>\r\n<tr>\r\n<th>Name of Parameter<\/th>\r\n<th>Model: BHFS-5-16A\/80<\/th>\r\n<th>Model: BHFS-5-16B\/80<\/th>\r\n<\/tr>\r\n<tr>\r\n<td>Rated Current<\/td>\r\n<td>80A<\/td>\r\n<td>80A<\/td>\r\n<\/tr>\r\n<tr>\r\n<td>Rated Voltage<\/td>\r\n<td>380V<\/td>\r\n<td>380V<\/td>\r\n<\/tr>\r\n<tr>\r\n<td>Power Supply Method<\/td>\r\n<td>Three-phase five-wire<\/td>\r\n<td>Three-phase five-wire<\/td>\r\n<\/tr>\r\n<tr>\r\n<td>Unit Dimensions<\/td>\r\n<td>3016x60x54 mm<\/td>\r\n<td>3016x60x74 mm<\/td>\r\n<\/tr>\r\n<tr>\r\n<td>Unit Weight<\/td>\r\n<td>7.2kg<\/td>\r\n<td>6.3kg<\/td>\r\n<\/tr>\r\n<tr>\r\n<td>Insulation Resistance<\/td>\r\n<td>&ge;0.5MQ<\/td>\r\n<td>&ge;0.5MQ<\/td>\r\n<\/tr>\r\n<tr>\r\n<td>Insulation Dielectric Strength<\/td>\r\n<td>Power frequency AC 3750V, 1min without breakdown flashing phenomenon<\/td>\r\n<td>Power frequency AC 3750V, 1min without breakdown flashing phenomenon<\/td>\r\n<\/tr>\r\n<tr>\r\n<td>Enclosure Protection Grade<\/td>\r\n<td>IP23<\/td>\r\n<td>IP23<\/td>\r\n<\/tr>\r\n<tr>\r\n<td>Electric Heat Stability<\/td>\r\n<td>20 times | Rated 1s<\/td>\r\n<td>20 times | Rated 1s<\/td>\r\n<\/tr>\r\n<tr>\r\n<td>Rated short-time withstand current and<br \/>Rated peak withstand current<\/td>\r\n<td>4.5KA\/6.75KA<\/td>\r\n<td>4.5KA\/6.75KA<\/td>\r\n<\/tr>\r\n<tr>\r\n<td>Environmental Indicators<\/td>\r\n<td>1. High temperature resistance test: Ordinary type +55&deg;C<br \/>2. Low temperature resistance test -30&deg;C<br \/>3. Damp heat resistance test Relative humidity 95%, +25&deg;C<br \/>4. Atmospheric pressure 86-106KPa<\/td>\r\n<td>1. High temperature resistance test: Ordinary type +55&deg;C<br \/>2. Low temperature resistance test -30&deg;C<br \/>3. Damp heat resistance test Relative humidity 95%, +25&deg;C<br \/>4. Atmospheric pressure 86-106KPa<\/td>\r\n<\/tr>\r\n<tr>\r\n<td>Flame Retardancy<\/td>\r\n<td>V0 grade<\/td>\r\n<td>V0 grade<\/td>\r\n<\/tr>\r\n<tr>\r\n<td>Power Transmission Sliding Contact Line Parameters<\/td>\r\n<td>Complies with GB3048 (electrical properties of conductors of wires and cables) standard requirements<br \/>Resistivity &le;0.0289mm&sup2;\/m (+20&deg;C)<\/td>\r\n<td>Complies with GB3048 (electrical properties of conductors of wires and cables) standard requirements<br \/>Resistivity &le;0.0289mm&sup2;\/m (+20&deg;C)<\/td>\r\n<\/tr>\r\n<tr>\r\n<td>Current Collector<\/td>\r\n<td>Traction force: F &lt; 80N; Movement speed: V &lt; 100m\/min<\/td>\r\n<td>Traction force: F &lt; 80N; Movement speed: V &lt; 100m\/min<\/td>\r\n<\/tr>\r\n<tr>\r\n<td>Brush Coefficient<\/td>\r\n<td>Operation 2000KM, wear &lt; 0.8mm<br \/>Effective brush wear: 5-7mm;<br \/>Effective working pressure: 1.8-4.08N\/cm&sup2;<\/td>\r\n<td>Operation 2000KM, wear &lt; 0.8mm<br \/>Effective brush wear: 7-9mm;<br \/>Effective working pressure: 2.3-3.3N\/cm&sup2;<\/td>\r\n<\/tr>\r\n<\/tbody>\r\n<\/table>\r\n<\/div>\r\n<div class=\"vs-pdf\">\r\n<h3>Comparison Description of BHFS-5-16A\/80 and BHFS-5-16B\/80:<\/h3>\r\n<div class=\"wp-block-file\"><object class=\"wp-block-file__embed\" data=\"\/wp-content\/uploads\/2025\/04\/16mm-vs-s.pdf\" type=\"application\/pdf\" style=\"width:100%;height:1200px\" aria-label=\"16mm-vs-s\"><\/object><\/div>\r\n<\/div>"],"stick-header-meta":["default"],"_edit_lock":["1746031231:1"],"_edit_last":["1"],"_wp_old_slug":["durable-conductor-bar-system-copy"],"_product_attributes":["a:3:{s:22:\"pa_application-section\";a:6:{s:4:\"name\";s:22:\"pa_application-section\";s:5:\"value\";s:0:\"\";s:8:\"position\";i:0;s:10:\"is_visible\";i:0;s:12:\"is_variation\";i:0;s:11:\"is_taxonomy\";i:1;}s:21:\"pa_application-fields\";a:6:{s:4:\"name\";s:21:\"pa_application-fields\";s:5:\"value\";s:0:\"\";s:8:\"position\";i:1;s:10:\"is_visible\";i:0;s:12:\"is_variation\";i:0;s:11:\"is_taxonomy\";i:1;}s:8:\"pa_model\";a:6:{s:4:\"name\";s:8:\"pa_model\";s:5:\"value\";s:0:\"\";s:8:\"position\";i:2;s:10:\"is_visible\";i:0;s:12:\"is_variation\";i:0;s:11:\"is_taxonomy\";i:1;}}"],"astra-migrate-meta-layouts":["set"],"_uag_page_assets":["a:9:{s:3:\"css\";s:0:\"\";s:2:\"js\";s:0:\"\";s:18:\"current_block_list\";a:8:{i:0;s:11:\"core\/search\";i:1;s:10:\"core\/group\";i:2;s:12:\"core\/heading\";i:3;s:17:\"core\/latest-posts\";i:4;s:20:\"core\/latest-comments\";i:5;s:13:\"core\/archives\";i:6;s:15:\"core\/categories\";i:7;s:14:\"core\/shortcode\";}s:8:\"uag_flag\";b:0;s:11:\"uag_version\";i:1778148843;s:6:\"gfonts\";a:0:{}s:10:\"gfonts_url\";s:0:\"\";s:12:\"gfonts_files\";a:0:{}s:14:\"uag_faq_layout\";b:0;}"]},"uagb_featured_image_src":{"full":["https:\/\/www.jd-busbar.com\/wp-content\/uploads\/2025\/04\/16b-v3-1.webp",1200,1200,false],"thumbnail":["https:\/\/www.jd-busbar.com\/wp-content\/uploads\/2025\/04\/16b-v3-1-150x150.webp",150,150,true],"medium":["https:\/\/www.jd-busbar.com\/wp-content\/uploads\/2025\/04\/16b-v3-1-300x300.webp",300,300,true],"medium_large":["https:\/\/www.jd-busbar.com\/wp-content\/uploads\/2025\/04\/16b-v3-1-768x768.webp",768,768,true],"large":["https:\/\/www.jd-busbar.com\/wp-content\/uploads\/2025\/04\/16b-v3-1-1024x1024.webp",1024,1024,true],"1536x1536":["https:\/\/www.jd-busbar.com\/wp-content\/uploads\/2025\/04\/16b-v3-1.webp",1200,1200,false],"2048x2048":["https:\/\/www.jd-busbar.com\/wp-content\/uploads\/2025\/04\/16b-v3-1.webp",1200,1200,false],"trp-custom-language-flag":["https:\/\/www.jd-busbar.com\/wp-content\/uploads\/2025\/04\/16b-v3-1-12x12.webp",12,12,true],"woocommerce_thumbnail":["https:\/\/www.jd-busbar.com\/wp-content\/uploads\/2025\/04\/16b-v3-1-300x300.webp",300,300,true],"woocommerce_single":["https:\/\/www.jd-busbar.com\/wp-content\/uploads\/2025\/04\/16b-v3-1-800x800.webp",800,800,true],"woocommerce_gallery_thumbnail":["https:\/\/www.jd-busbar.com\/wp-content\/uploads\/2025\/04\/16b-v3-1-100x100.webp",100,100,true]},"uagb_author_info":{"display_name":"admin","author_link":"https:\/\/www.jd-busbar.com\/es\/author\/"},"uagb_comment_info":0,"uagb_excerpt":"16mm2 Conductor Bar System Model: BHFS-5-16B\/80 Rated current (A): 80 Rated Voltage (V): 380 Power supply: three-phase five-wire Unit size (mm): 3016 x 60 x 74 Unit weight (kg): 6.3 Enclosure protection grade: IP23 Conductor Bar System is a new type of power distribution device, adopt high-quality insulating materials for its shell, embedded 5 power&hellip;","_links":{"self":[{"href":"https:\/\/www.jd-busbar.com\/es\/wp-json\/wp\/v2\/product\/943","targetHints":{"allow":["GET"]}}],"collection":[{"href":"https:\/\/www.jd-busbar.com\/es\/wp-json\/wp\/v2\/product"}],"about":[{"href":"https:\/\/www.jd-busbar.com\/es\/wp-json\/wp\/v2\/types\/product"}],"wp:featuredmedia":[{"embeddable":true,"href":"https:\/\/www.jd-busbar.com\/es\/wp-json\/wp\/v2\/media\/1201"}],"wp:attachment":[{"href":"https:\/\/www.jd-busbar.com\/es\/wp-json\/wp\/v2\/media?parent=943"}],"wp:term":[{"taxonomy":"product_brand","embeddable":true,"href":"https:\/\/www.jd-busbar.com\/es\/wp-json\/wp\/v2\/product_brand?post=943"},{"taxonomy":"product_cat","embeddable":true,"href":"https:\/\/www.jd-busbar.com\/es\/wp-json\/wp\/v2\/product_cat?post=943"},{"taxonomy":"product_tag","embeddable":true,"href":"https:\/\/www.jd-busbar.com\/es\/wp-json\/wp\/v2\/product_tag?post=943"}],"curies":[{"name":"wp","href":"https:\/\/api.w.org\/{rel}","templated":true}]}}