{"id":920,"date":"2025-04-02T12:36:46","date_gmt":"2025-04-02T12:36:46","guid":{"rendered":"https:\/\/www.jd-busbar.com\/?post_type=product&#038;p=920"},"modified":"2025-04-18T14:33:56","modified_gmt":"2025-04-18T14:33:56","slug":"linea-de-contacto-deslizante-sin-juntas","status":"publish","type":"product","link":"https:\/\/www.jd-busbar.com\/es\/seamless-sliding-contact-line\/","title":{"rendered":"L\u00ednea de contacto deslizante sin juntas"},"content":{"rendered":"<h3>L\u00ednea de contacto deslizante sin juntas con caracter\u00edsticas:<\/h3>\n<ul>\n<li>El conductor es cobre libre de ox\u00edgeno, con excelente conductividad, alta pureza, color uniforme y superficie brillante.<\/li>\n<li>Pocas juntas, baja ca\u00edda de tensi\u00f3n<\/li>\n<li>Pocas piezas, el riel de alambre deslizante es fijo a presi\u00f3n, f\u00e1cil de instalar, ocupa poco espacio<\/li>\n<li>El aislante es de PVC+ resistente a los impactos, resistente a los rayos UV, f\u00f3rmula especial<\/li>\n<li>El cobre y el pl\u00e1stico est\u00e1n en estrecho contacto y no fallan por vibraci\u00f3n<\/li>\n<li>Radio de curvatura m\u00ednimo de instalaci\u00f3n 750 mm<\/li>\n<\/ul>","protected":false},"excerpt":{"rendered":"<h2>L\u00ednea de contacto deslizante sin juntas<\/h2>\n<ul>\n<li>Modelo: WJF-4-60A\/90A<\/li>\n<li>Corriente nominal (A): 60\/90<\/li>\n<li>Tensi\u00f3n nominal (V): 380<\/li>\n<li>M\u00e9todo de alimentaci\u00f3n: trif\u00e1sico, cuatro hilos<\/li>\n<li>Dimensiones de la unidad (mm): 74 x 16<\/li>\n<\/ul>\n<p>El cable deslizante sin soldadura es un dispositivo para transmitir energ\u00eda el\u00e9ctrica a equipos m\u00f3viles. Su cuerpo principal est\u00e1 compuesto por conductores de cobre y materiales aislantes. El conductor de cobre proporciona una buena conductividad, garantizando una transmisi\u00f3n eficaz de la energ\u00eda y satisfaciendo las necesidades de suministro el\u00e9ctrico continuo y estable de los equipos m\u00f3viles. Tambi\u00e9n puede utilizarse en equipos de gran potencia, como grandes gr\u00faas en talleres interiores.<\/p>","protected":false},"featured_media":919,"template":"","meta":{"_uag_custom_page_level_css":"","site-sidebar-layout":"default","site-content-layout":"","ast-site-content-layout":"default","site-content-style":"default","site-sidebar-style":"default","ast-global-header-display":"","ast-banner-title-visibility":"","ast-main-header-display":"","ast-hfb-above-header-display":"","ast-hfb-below-header-display":"","ast-hfb-mobile-header-display":"","site-post-title":"","ast-breadcrumbs-content":"","ast-featured-img":"","footer-sml-layout":"","ast-disable-related-posts":"","theme-transparent-header-meta":"default","adv-header-id-meta":"","stick-header-meta":"default","header-above-stick-meta":"","header-main-stick-meta":"","header-below-stick-meta":"","astra-migrate-meta-layouts":"set","ast-page-background-enabled":"default","ast-page-background-meta":{"desktop":{"background-color":"var(--ast-global-color-5)","background-image":"","background-repeat":"repeat","background-position":"center center","background-size":"auto","background-attachment":"scroll","background-type":"","background-media":"","overlay-type":"","overlay-color":"","overlay-opacity":"","overlay-gradient":""},"tablet":{"background-color":"","background-image":"","background-repeat":"repeat","background-position":"center center","background-size":"auto","background-attachment":"scroll","background-type":"","background-media":"","overlay-type":"","overlay-color":"","overlay-opacity":"","overlay-gradient":""},"mobile":{"background-color":"","background-image":"","background-repeat":"repeat","background-position":"center center","background-size":"auto","background-attachment":"scroll","background-type":"","background-media":"","overlay-type":"","overlay-color":"","overlay-opacity":"","overlay-gradient":""}},"ast-content-background-meta":{"desktop":{"background-color":"var(--ast-global-color-4)","background-image":"","background-repeat":"repeat","background-position":"center center","background-size":"auto","background-attachment":"scroll","background-type":"","background-media":"","overlay-type":"","overlay-color":"","overlay-opacity":"","overlay-gradient":""},"tablet":{"background-color":"var(--ast-global-color-4)","background-image":"","background-repeat":"repeat","background-position":"center center","background-size":"auto","background-attachment":"scroll","background-type":"","background-media":"","overlay-type":"","overlay-color":"","overlay-opacity":"","overlay-gradient":""},"mobile":{"background-color":"var(--ast-global-color-4)","background-image":"","background-repeat":"repeat","background-position":"center center","background-size":"auto","background-attachment":"scroll","background-type":"","background-media":"","overlay-type":"","overlay-color":"","overlay-opacity":"","overlay-gradient":""}}},"product_brand":[],"product_cat":[18,17],"product_tag":[27],"class_list":{"0":"post-920","1":"product","2":"type-product","3":"status-publish","4":"has-post-thumbnail","6":"product_cat-conductor-busbar","7":"product_cat-busbar-system","8":"product_tag-sliding-contact-line","9":"desktop-align-center","10":"tablet-align-center","11":"mobile-align-center","12":"ast-product-gallery-layout-horizontal-slider","13":"ast-product-gallery-with-no-image","14":"ast-product-tabs-layout-horizontal","16":"first","17":"instock","18":"shipping-taxable","19":"product-type-simple"},"spectra_custom_meta":{"_edit_last":["1"],"_edit_lock":["1744986695:1"],"rank_math_internal_links_processed":["1"],"rank_math_seo_score":["15"],"rank_math_contentai_score":["a:5:{s:8:\"keywords\";s:5:\"74.51\";s:9:\"wordCount\";s:1:\"0\";s:9:\"linkCount\";s:1:\"0\";s:12:\"headingCount\";s:1:\"0\";s:10:\"mediaCount\";s:1:\"0\";}"],"_thumbnail_id":["919"],"total_sales":["0"],"_tax_status":["taxable"],"_tax_class":[""],"_manage_stock":["no"],"_backorders":["no"],"_sold_individually":["no"],"_virtual":["no"],"_downloadable":["no"],"_download_limit":["-1"],"_download_expiry":["-1"],"_stock":[null],"_stock_status":["instock"],"_wc_average_rating":["0"],"_wc_review_count":["0"],"_product_version":["9.8.1"],"rank_math_primary_product_brand":["0"],"rank_math_primary_product_cat":["18"],"site-sidebar-layout":["default"],"ast-site-content-layout":["default"],"site-content-style":["default"],"site-sidebar-style":["default"],"theme-transparent-header-meta":["default"],"stick-header-meta":["default"],"astra-migrate-meta-layouts":["set"]},"uagb_featured_image_src":{"full":["https:\/\/www.jd-busbar.com\/wp-content\/uploads\/2025\/04\/wjf-4-60a.webp",800,800,false],"thumbnail":["https:\/\/www.jd-busbar.com\/wp-content\/uploads\/2025\/04\/wjf-4-60a-150x150.webp",150,150,true],"medium":["https:\/\/www.jd-busbar.com\/wp-content\/uploads\/2025\/04\/wjf-4-60a-300x300.webp",300,300,true],"medium_large":["https:\/\/www.jd-busbar.com\/wp-content\/uploads\/2025\/04\/wjf-4-60a-768x768.webp",768,768,true],"large":["https:\/\/www.jd-busbar.com\/wp-content\/uploads\/2025\/04\/wjf-4-60a.webp",800,800,false],"1536x1536":["https:\/\/www.jd-busbar.com\/wp-content\/uploads\/2025\/04\/wjf-4-60a.webp",800,800,false],"2048x2048":["https:\/\/www.jd-busbar.com\/wp-content\/uploads\/2025\/04\/wjf-4-60a.webp",800,800,false],"trp-custom-language-flag":["https:\/\/www.jd-busbar.com\/wp-content\/uploads\/2025\/04\/wjf-4-60a-12x12.webp",12,12,true],"woocommerce_thumbnail":["https:\/\/www.jd-busbar.com\/wp-content\/uploads\/2025\/04\/wjf-4-60a-300x300.webp",300,300,true],"woocommerce_single":["https:\/\/www.jd-busbar.com\/wp-content\/uploads\/2025\/04\/wjf-4-60a.webp",800,800,false],"woocommerce_gallery_thumbnail":["https:\/\/www.jd-busbar.com\/wp-content\/uploads\/2025\/04\/wjf-4-60a-100x100.webp",100,100,true]},"uagb_author_info":{"display_name":"admin","author_link":"https:\/\/www.jd-busbar.com\/es\/author\/"},"uagb_comment_info":0,"uagb_excerpt":"Seamless Sliding Contact Line Model: WJF-4-60A\/90A Rated current (A): 60\/90 Rated voltage (V): 380 Power supply method: three-phase, four-wire Unit dimensio (mm): 74 x 16 Seamless sliding wire is a device for transmitting electrical energy to mobile equipment. Its main body is composed of copper conductors and insulating materials. The copper conductor provides good conductivity,&hellip;","_links":{"self":[{"href":"https:\/\/www.jd-busbar.com\/es\/wp-json\/wp\/v2\/product\/920","targetHints":{"allow":["GET"]}}],"collection":[{"href":"https:\/\/www.jd-busbar.com\/es\/wp-json\/wp\/v2\/product"}],"about":[{"href":"https:\/\/www.jd-busbar.com\/es\/wp-json\/wp\/v2\/types\/product"}],"wp:featuredmedia":[{"embeddable":true,"href":"https:\/\/www.jd-busbar.com\/es\/wp-json\/wp\/v2\/media\/919"}],"wp:attachment":[{"href":"https:\/\/www.jd-busbar.com\/es\/wp-json\/wp\/v2\/media?parent=920"}],"wp:term":[{"taxonomy":"product_brand","embeddable":true,"href":"https:\/\/www.jd-busbar.com\/es\/wp-json\/wp\/v2\/product_brand?post=920"},{"taxonomy":"product_cat","embeddable":true,"href":"https:\/\/www.jd-busbar.com\/es\/wp-json\/wp\/v2\/product_cat?post=920"},{"taxonomy":"product_tag","embeddable":true,"href":"https:\/\/www.jd-busbar.com\/es\/wp-json\/wp\/v2\/product_tag?post=920"}],"curies":[{"name":"wp","href":"https:\/\/api.w.org\/{rel}","templated":true}]}}