{"id":884,"date":"2025-04-01T08:16:26","date_gmt":"2025-04-01T08:16:26","guid":{"rendered":"https:\/\/www.jd-busbar.com\/?post_type=product&#038;p=884"},"modified":"2025-04-18T08:59:00","modified_gmt":"2025-04-18T08:59:00","slug":"engrasador-electrico-automatico","status":"publish","type":"product","link":"https:\/\/www.jd-busbar.com\/es\/auto-electric-grease-lubricator\/","title":{"rendered":"Lubricador el\u00e9ctrico"},"content":{"rendered":"<p><div style=\"width: 1280px;\" class=\"wp-video\"><video class=\"wp-video-shortcode\" id=\"video-884-1\" width=\"1280\" height=\"720\" preload=\"metadata\" controls=\"controls\"><source type=\"video\/mp4\" src=\"\/wp-content\/uploads\/2025\/04\/installation-grease-lubricator.mp4?_=1\" \/><a href=\"\/wp-content\/uploads\/2025\/04\/instalacion-lubricador-de-grasa.mp4\">\/wp-content\/uploads\/2025\/04\/instalacion-lubricador-de-grasa.mp4<\/a><\/video><\/div><br \/>\nAuto Electric Grease Lubricator para polipasto de construcci\u00f3n es un equipo de engrase eficiente impulsado bymotor, por el cual la grasa de alta presi\u00f3n impulsada por la bomba de alta presi\u00f3n, se env\u00eda a las ocho boquillas de aceite por igual, a los tubos de la secci\u00f3n del m\u00e1stil y la cremallera y pi\u00f1\u00f3n.<\/p>\n<p>El producto tiene un excelente rendimiento, suministro de aceite continuo, uniforme y cuantitativo, ahorro de aceite lubricante; estructura de producto razonable, uso y mantenimiento c\u00f3modos y alta fiabilidad; dise\u00f1o de producto avanzado y alto nivel de automatizaci\u00f3n.<\/p>","protected":false},"excerpt":{"rendered":"<h2>JD-011 Engrasador el\u00e9ctrico autom\u00e1tico<\/h2>\n<ul>\n<li>Tipo: Y80M2-4<\/li>\n<li>Potencia del motor: 0,75 kW\/380 V<\/li>\n<li>\u00cdndice de reducci\u00f3n: 1:7<\/li>\n<li>Fuerza de trabajo nominal: 5MPa<\/li>\n<li>Caudal de la bomba de alta presi\u00f3n: 0,97 kg\/min<\/li>\n<li>Tubo de aceite de alta presi\u00f3n: 2.5m\uff08Longitud personalizable\uff09<\/li>\n<li>Volumen del dep\u00f3sito de aceite: 12L<\/li>\n<li>Peso: 23 kg<\/li>\n<\/ul>","protected":false},"featured_media":883,"template":"","meta":{"_uag_custom_page_level_css":"","site-sidebar-layout":"default","site-content-layout":"","ast-site-content-layout":"default","site-content-style":"default","site-sidebar-style":"default","ast-global-header-display":"","ast-banner-title-visibility":"","ast-main-header-display":"","ast-hfb-above-header-display":"","ast-hfb-below-header-display":"","ast-hfb-mobile-header-display":"","site-post-title":"","ast-breadcrumbs-content":"","ast-featured-img":"","footer-sml-layout":"","ast-disable-related-posts":"","theme-transparent-header-meta":"default","adv-header-id-meta":"","stick-header-meta":"default","header-above-stick-meta":"","header-main-stick-meta":"","header-below-stick-meta":"","astra-migrate-meta-layouts":"set","ast-page-background-enabled":"default","ast-page-background-meta":{"desktop":{"background-color":"var(--ast-global-color-5)","background-image":"","background-repeat":"repeat","background-position":"center center","background-size":"auto","background-attachment":"scroll","background-type":"","background-media":"","overlay-type":"","overlay-color":"","overlay-opacity":"","overlay-gradient":""},"tablet":{"background-color":"","background-image":"","background-repeat":"repeat","background-position":"center center","background-size":"auto","background-attachment":"scroll","background-type":"","background-media":"","overlay-type":"","overlay-color":"","overlay-opacity":"","overlay-gradient":""},"mobile":{"background-color":"","background-image":"","background-repeat":"repeat","background-position":"center center","background-size":"auto","background-attachment":"scroll","background-type":"","background-media":"","overlay-type":"","overlay-color":"","overlay-opacity":"","overlay-gradient":""}},"ast-content-background-meta":{"desktop":{"background-color":"var(--ast-global-color-4)","background-image":"","background-repeat":"repeat","background-position":"center center","background-size":"auto","background-attachment":"scroll","background-type":"","background-media":"","overlay-type":"","overlay-color":"","overlay-opacity":"","overlay-gradient":""},"tablet":{"background-color":"var(--ast-global-color-4)","background-image":"","background-repeat":"repeat","background-position":"center center","background-size":"auto","background-attachment":"scroll","background-type":"","background-media":"","overlay-type":"","overlay-color":"","overlay-opacity":"","overlay-gradient":""},"mobile":{"background-color":"var(--ast-global-color-4)","background-image":"","background-repeat":"repeat","background-position":"center center","background-size":"auto","background-attachment":"scroll","background-type":"","background-media":"","overlay-type":"","overlay-color":"","overlay-opacity":"","overlay-gradient":""}}},"product_brand":[],"product_cat":[19,17],"product_tag":[],"class_list":{"0":"post-884","1":"product","2":"type-product","3":"status-publish","4":"has-post-thumbnail","6":"product_cat-grease-lubricator","7":"product_cat-busbar-system","8":"desktop-align-center","9":"tablet-align-center","10":"mobile-align-center","11":"ast-product-gallery-layout-horizontal-slider","12":"ast-product-gallery-with-no-image","13":"ast-product-tabs-layout-horizontal","15":"first","16":"instock","17":"shipping-taxable","18":"product-type-simple"},"spectra_custom_meta":{"_edit_last":["1"],"_edit_lock":["1744966682:1"],"rank_math_internal_links_processed":["1"],"rank_math_seo_score":["17"],"rank_math_contentai_score":["a:5:{s:8:\"keywords\";s:5:\"74.51\";s:9:\"wordCount\";s:1:\"0\";s:9:\"linkCount\";s:1:\"0\";s:12:\"headingCount\";s:1:\"0\";s:10:\"mediaCount\";s:1:\"0\";}"],"rank_math_focus_keyword":["Grease Pump"],"_thumbnail_id":["883"],"total_sales":["0"],"_tax_status":["taxable"],"_tax_class":[""],"_manage_stock":["no"],"_backorders":["no"],"_sold_individually":["no"],"_virtual":["no"],"_downloadable":["no"],"_download_limit":["-1"],"_download_expiry":["-1"],"_stock":[null],"_stock_status":["instock"],"_wc_average_rating":["0"],"_wc_review_count":["0"],"_product_version":["9.8.1"],"rank_math_primary_product_brand":["0"],"rank_math_primary_product_cat":["19"],"site-sidebar-layout":["default"],"ast-site-content-layout":["default"],"site-content-style":["default"],"site-sidebar-style":["default"],"theme-transparent-header-meta":["default"],"stick-header-meta":["default"],"_wp_old_date":["2025-04-02","2025-03-22"],"_price":[""],"_sale_price":[""],"_wp_old_slug":["auto-electric-grease-pump"],"astra-migrate-meta-layouts":["set"]},"uagb_featured_image_src":{"full":["https:\/\/www.jd-busbar.com\/wp-content\/uploads\/2025\/04\/grease-pump.webp",800,800,false],"thumbnail":["https:\/\/www.jd-busbar.com\/wp-content\/uploads\/2025\/04\/grease-pump-150x150.webp",150,150,true],"medium":["https:\/\/www.jd-busbar.com\/wp-content\/uploads\/2025\/04\/grease-pump-300x300.webp",300,300,true],"medium_large":["https:\/\/www.jd-busbar.com\/wp-content\/uploads\/2025\/04\/grease-pump-768x768.webp",768,768,true],"large":["https:\/\/www.jd-busbar.com\/wp-content\/uploads\/2025\/04\/grease-pump.webp",800,800,false],"1536x1536":["https:\/\/www.jd-busbar.com\/wp-content\/uploads\/2025\/04\/grease-pump.webp",800,800,false],"2048x2048":["https:\/\/www.jd-busbar.com\/wp-content\/uploads\/2025\/04\/grease-pump.webp",800,800,false],"trp-custom-language-flag":["https:\/\/www.jd-busbar.com\/wp-content\/uploads\/2025\/04\/grease-pump-12x12.webp",12,12,true],"woocommerce_thumbnail":["https:\/\/www.jd-busbar.com\/wp-content\/uploads\/2025\/04\/grease-pump-300x300.webp",300,300,true],"woocommerce_single":["https:\/\/www.jd-busbar.com\/wp-content\/uploads\/2025\/04\/grease-pump.webp",800,800,false],"woocommerce_gallery_thumbnail":["https:\/\/www.jd-busbar.com\/wp-content\/uploads\/2025\/04\/grease-pump-100x100.webp",100,100,true]},"uagb_author_info":{"display_name":"admin","author_link":"https:\/\/www.jd-busbar.com\/es\/author\/"},"uagb_comment_info":0,"uagb_excerpt":"JD-011 Auto Electric Grease Lubricator Type: Y80M2-4 Power of Motor: 0.75kW\/380V Reduction Ratio: 1:7 Rated Working Force: 5MPa High Pressure Pump Flow: 0.97kg\/min High Pressure Oil Tube: 2.5m\uff08Length can be customized\uff09 Oil reservoir volume: 12L Weight: 23kg","_links":{"self":[{"href":"https:\/\/www.jd-busbar.com\/es\/wp-json\/wp\/v2\/product\/884","targetHints":{"allow":["GET"]}}],"collection":[{"href":"https:\/\/www.jd-busbar.com\/es\/wp-json\/wp\/v2\/product"}],"about":[{"href":"https:\/\/www.jd-busbar.com\/es\/wp-json\/wp\/v2\/types\/product"}],"wp:featuredmedia":[{"embeddable":true,"href":"https:\/\/www.jd-busbar.com\/es\/wp-json\/wp\/v2\/media\/883"}],"wp:attachment":[{"href":"https:\/\/www.jd-busbar.com\/es\/wp-json\/wp\/v2\/media?parent=884"}],"wp:term":[{"taxonomy":"product_brand","embeddable":true,"href":"https:\/\/www.jd-busbar.com\/es\/wp-json\/wp\/v2\/product_brand?post=884"},{"taxonomy":"product_cat","embeddable":true,"href":"https:\/\/www.jd-busbar.com\/es\/wp-json\/wp\/v2\/product_cat?post=884"},{"taxonomy":"product_tag","embeddable":true,"href":"https:\/\/www.jd-busbar.com\/es\/wp-json\/wp\/v2\/product_tag?post=884"}],"curies":[{"name":"wp","href":"https:\/\/api.w.org\/{rel}","templated":true}]}}