{"id":860,"date":"2025-03-31T19:52:35","date_gmt":"2025-03-31T19:52:35","guid":{"rendered":"https:\/\/www.jd-busbar.com\/?post_type=product&#038;p=860"},"modified":"2025-04-30T15:36:14","modified_gmt":"2025-04-30T15:36:14","slug":"sistema-de-barras-conductoras-bhfs-5-50a","status":"publish","type":"product","link":"https:\/\/www.jd-busbar.com\/es\/bhfs-5-50a-trolley-busbar-system\/","title":{"rendered":"Sistema de barras colectoras con carro BHFS-5-50A"},"content":{"rendered":"<div style=\"width: 1280px;\" class=\"wp-video\"><video class=\"wp-video-shortcode\" id=\"video-860-1\" width=\"1280\" height=\"720\" preload=\"metadata\" controls=\"controls\"><source type=\"video\/mp4\" src=\"https:\/\/www.jd-busbar.com\/wp-content\/uploads\/2025\/04\/trolley-busbar-system.mp4?_=1\" \/><a href=\"https:\/\/www.jd-busbar.com\/wp-content\/uploads\/2025\/04\/trolley-busbar-system.mp4\">https:\/\/www.jd-busbar.com\/wp-content\/uploads\/2025\/04\/trolley-busbar-system.mp4<\/a><\/video><\/div>\n<h3>50 mm<sup>2<\/sup> Sistema de barras colectoras para carretillas con caracter\u00edsticas:<\/h3>\n<ul>\n<li>El sistema de barra colectora del carro se fija a la secci\u00f3n del m\u00e1stil y el peso se reparte entre las secciones del m\u00e1stil, lo que no aumenta la carga sobre la jaula y reduce el consumo de energ\u00eda.<\/li>\n<li>No se ve afectado por el mal tiempo: no importa lo fuerte que sea el viento, es estacionario y no afectar\u00e1 al funcionamiento del polipasto de construcci\u00f3n.<\/li>\n<li>El sistema de barras colectoras del carro no es f\u00e1cil de perder tras el desmontaje.<\/li>\n<li>F\u00e1cil sustituci\u00f3n de piezas da\u00f1adas: las piezas da\u00f1adas pueden sustituirse in situ sin desmontar todo el sistema.<\/li>\n<li>Cuando se produce un fallo limitado, el colector de corriente pasar\u00e1 por encima del sistema de barras colectoras del carro y cortar\u00e1 autom\u00e1ticamente la alimentaci\u00f3n, deteniendo a continuaci\u00f3n el funcionamiento del polipasto.<\/li>\n<li>Su altura puede aumentarse en funci\u00f3n del avance del proyecto: cada secci\u00f3n tiene 3,016 metros de longitud, la misma altura que las dos secciones del m\u00e1stil, y puede insertarse secci\u00f3n por secci\u00f3n y aumentar su altura en funci\u00f3n del avance del proyecto.<\/li>\n<li>Reciclable: tiene una vida \u00fatil de 4-6 a\u00f1os y puede utilizarse dos veces tras la finalizaci\u00f3n de un proyecto.<\/li>\n<\/ul>\n<h3 style=\"margin-top: 50px;\">Casos de proyectos:<\/h3>\n<div class=\"case\">\n<div class=\"case-text\">\n<h4>Caso 1: Edificio Taipei Fubon Life A25<\/h4>\n<ul>\n<li>Modelo del producto: BHFS-5-50A\/225<\/li>\n<li>Fecha de instalaci\u00f3n inicial: 2020-10<\/li>\n<li>Altura total: 260 metros<\/li>\n<li>Fabricante de ascensores: Guangzhou Jinglong<\/li>\n<\/ul>\n<\/div>\n<div class=\"case-img\"><img decoding=\"async\" src=\"\/wp-content\/uploads\/2025\/04\/50a-case1-1.webp\" alt=\"Malet\u00edn de proyecto del sistema de barras colectoras Trolley de 50 mm2\" \/><\/div>\n<div class=\"case-img\"><img decoding=\"async\" src=\"\/wp-content\/uploads\/2025\/04\/50a-case1-2.webp\" alt=\"Malet\u00edn de proyecto del sistema de barras colectoras Trolley de 50 mm2\" \/><\/div>\n<\/div>\n<div class=\"case\">\n<div class=\"case-text\">\n<h4>Caso 2: Jap\u00f3n Proyecto SANSEI KENKI<\/h4>\n<ul>\n<li>Modelo del producto: BHFS-5-50A\/225<\/li>\n<li>Fecha de instalaci\u00f3n inicial: 2018-3<\/li>\n<li>Altura total: 120 metros<\/li>\n<\/ul>\n<\/div>\n<div class=\"case-img\"><img decoding=\"async\" src=\"\/wp-content\/uploads\/2025\/04\/50a-case2-2.webp\" alt=\"Malet\u00edn de proyecto del sistema de barras colectoras Trolley de 50 mm2\" \/><\/div>\n<div class=\"case-img\"><img decoding=\"async\" src=\"\/wp-content\/uploads\/2025\/04\/50a-case2-1.webp\" alt=\"Malet\u00edn de proyecto del sistema de barras colectoras Trolley de 50 mm2\" \/><\/div>\n<\/div>","protected":false},"excerpt":{"rendered":"<h2>50 mm<sup>2<\/sup> Sistema de barras colectoras para trolebuses<\/h2>\n<ul>\n<li>Tipo\uff1aBHFS-5-50A\/225<\/li>\n<li>Corriente nominal (A)\uff1a225<\/li>\n<li>Dimensiones de la unidad (mm)\uff1a3016 x 86 x 65<\/li>\n<li>Unidad Peso (kg)\uff1a12.9<\/li>\n<li>Equivalente a 50 mm<sup>2<\/sup> Cable de cobre<\/li>\n<\/ul>\n<p><strong>Sistema de barras colectoras para trolebuses<\/strong> es un nuevo tipo de dispositivo de transmisi\u00f3n y distribuci\u00f3n de energ\u00eda, la carcasa est\u00e1 hecha de materiales aislantes de alta calidad, incrustada con cinco conductores de aluminio de transmisi\u00f3n como barras colectoras de transmisi\u00f3n y equipada con un colector de corriente m\u00f3vil. Es sencillo, compacto, seguro, fiable y energ\u00e9ticamente eficiente.<br \/>\nLa longitud de cada uno es de 3016 mm (equivalente a la altura de dos m\u00e1stiles est\u00e1ndar) y se monta directamente en un m\u00e1stil est\u00e1ndar con fijaciones de hierro. Su creaci\u00f3n resuelve eficazmente los problemas de corta duraci\u00f3n del cable, facilidad de robo, facilidad de rotura con viento y otros problemas que afectan a la seguridad de la construcci\u00f3n y que han acosado a los clientes durante a\u00f1os.<\/p>","protected":false},"featured_media":674,"template":"","meta":{"_uag_custom_page_level_css":"","site-sidebar-layout":"default","site-content-layout":"","ast-site-content-layout":"default","site-content-style":"default","site-sidebar-style":"default","ast-global-header-display":"","ast-banner-title-visibility":"","ast-main-header-display":"","ast-hfb-above-header-display":"","ast-hfb-below-header-display":"","ast-hfb-mobile-header-display":"","site-post-title":"","ast-breadcrumbs-content":"","ast-featured-img":"","footer-sml-layout":"","ast-disable-related-posts":"","theme-transparent-header-meta":"default","adv-header-id-meta":"","stick-header-meta":"default","header-above-stick-meta":"","header-main-stick-meta":"","header-below-stick-meta":"","astra-migrate-meta-layouts":"set","ast-page-background-enabled":"default","ast-page-background-meta":{"desktop":{"background-color":"var(--ast-global-color-5)","background-image":"","background-repeat":"repeat","background-position":"center center","background-size":"auto","background-attachment":"scroll","background-type":"","background-media":"","overlay-type":"","overlay-color":"","overlay-opacity":"","overlay-gradient":""},"tablet":{"background-color":"","background-image":"","background-repeat":"repeat","background-position":"center center","background-size":"auto","background-attachment":"scroll","background-type":"","background-media":"","overlay-type":"","overlay-color":"","overlay-opacity":"","overlay-gradient":""},"mobile":{"background-color":"","background-image":"","background-repeat":"repeat","background-position":"center center","background-size":"auto","background-attachment":"scroll","background-type":"","background-media":"","overlay-type":"","overlay-color":"","overlay-opacity":"","overlay-gradient":""}},"ast-content-background-meta":{"desktop":{"background-color":"var(--ast-global-color-4)","background-image":"","background-repeat":"repeat","background-position":"center center","background-size":"auto","background-attachment":"scroll","background-type":"","background-media":"","overlay-type":"","overlay-color":"","overlay-opacity":"","overlay-gradient":""},"tablet":{"background-color":"var(--ast-global-color-4)","background-image":"","background-repeat":"repeat","background-position":"center center","background-size":"auto","background-attachment":"scroll","background-type":"","background-media":"","overlay-type":"","overlay-color":"","overlay-opacity":"","overlay-gradient":""},"mobile":{"background-color":"var(--ast-global-color-4)","background-image":"","background-repeat":"repeat","background-position":"center center","background-size":"auto","background-attachment":"scroll","background-type":"","background-media":"","overlay-type":"","overlay-color":"","overlay-opacity":"","overlay-gradient":""}}},"product_brand":[],"product_cat":[18,17],"product_tag":[31],"class_list":{"0":"post-860","1":"product","2":"type-product","3":"status-publish","4":"has-post-thumbnail","6":"product_cat-conductor-busbar","7":"product_cat-busbar-system","8":"product_tag-trolley-busbar-system","9":"desktop-align-center","10":"tablet-align-center","11":"mobile-align-center","12":"ast-product-gallery-layout-horizontal-slider","13":"ast-product-tabs-layout-horizontal","15":"first","16":"instock","17":"shipping-taxable","18":"product-type-simple"},"spectra_custom_meta":{"rank_math_seo_score":["80"],"_edit_last":["1"],"total_sales":["0"],"_tax_status":["taxable"],"_tax_class":[""],"_manage_stock":["no"],"_backorders":["no"],"_sold_individually":["no"],"_virtual":["no"],"_downloadable":["no"],"_download_limit":["-1"],"_download_expiry":["-1"],"_stock":[null],"_stock_status":["instock"],"_wc_average_rating":["0"],"_wc_review_count":["0"],"_product_version":["9.8.2"],"rank_math_internal_links_processed":["1"],"rank_math_primary_product_brand":["0"],"rank_math_primary_product_cat":["18"],"site-sidebar-layout":["default"],"ast-site-content-layout":["default"],"site-content-style":["default"],"site-sidebar-style":["default"],"theme-transparent-header-meta":["default"],"stick-header-meta":["default"],"_edit_lock":["1746027268:1"],"_thumbnail_id":["674"],"_product_image_gallery":["675,676,677"],"rank_math_focus_keyword":["Trolley Busbar System"],"parameters":["<h3>Parameters for 50mm&sup2 Trolley Busbar System:<\/h3>\r\n<div style=\"overflow-x: auto;\">\r\n<table>\r\n<tbody>\r\n<tr>\r\n<th>Name of Parameter<\/th>\r\n<th>Value<\/th>\r\n<\/tr>\r\n<tr>\r\n<td>Rated Current<\/td>\r\n<td>225A<\/td>\r\n<\/tr>\r\n<tr>\r\n<td>Rated Voltage<\/td>\r\n<td>380V\/690V<\/td>\r\n<\/tr>\r\n<tr>\r\n<td>Power Supply Method<\/td>\r\n<td>Three-phase five-wire<\/td>\r\n<\/tr>\r\n<tr>\r\n<td>Unit Dimension<\/td>\r\n<td>3016 x 86 x 65mm<\/td>\r\n<\/tr>\r\n<tr>\r\n<td>Unit Weight<\/td>\r\n<td>12.9kg<\/td>\r\n<\/tr>\r\n<tr>\r\n<td>Enclosure Protection Grade<\/td>\r\n<td>IP23<\/td>\r\n<\/tr>\r\n<tr>\r\n<td>Current Collector<\/td>\r\n<td>Traction force: F &lt; 80N<br \/>Movement speed: V &lt; 120m\/min<\/td>\r\n<\/tr>\r\n<tr>\r\n<td>Brush Coefficient<\/td>\r\n<td>Operation 2000KM, wear &lt; 0.8mm<br \/>Effective brush wear: 5-7mm<br \/>Effective working pressure: 3.2-4.95N\/cm&amp;sup2<\/td>\r\n<\/tr>\r\n<tr>\r\n<td>Environmental Indicators<\/td>\r\n<td>High temperature resistance test: Ordinary type +55&deg;C<br \/>Low temperature resistance test -30&deg;C<br \/>Damp heat resistance test Relative humidity 95%, +25&deg;C<br \/>Atmospheric pressure 86-106KPa<\/td>\r\n<\/tr>\r\n<tr>\r\n<td>Impedance<\/td>\r\n<td><span>1.06 x 10<sup>-3<\/sup><\/span> &Omega;\/m<\/td>\r\n<\/tr>\r\n<\/tbody>\r\n<\/table>\r\n<\/div>"],"_wp_old_slug":["50mm2-trolley-busbar-systems","50mm2-trolley-busbar-system","multi-purpose-trolley-busbar-system","bhfs-4-50a-trolley-busbar-system"],"rank_math_contentai_score":["a:5:{s:8:\"keywords\";s:5:\"74.51\";s:9:\"wordCount\";s:1:\"0\";s:9:\"linkCount\";s:1:\"0\";s:12:\"headingCount\";s:1:\"0\";s:10:\"mediaCount\";s:1:\"0\";}"],"_price":[""],"_sale_price":[""],"_product_attributes":["a:3:{s:22:\"pa_application-section\";a:6:{s:4:\"name\";s:22:\"pa_application-section\";s:5:\"value\";s:0:\"\";s:8:\"position\";i:0;s:10:\"is_visible\";i:0;s:12:\"is_variation\";i:0;s:11:\"is_taxonomy\";i:1;}s:21:\"pa_application-fields\";a:6:{s:4:\"name\";s:21:\"pa_application-fields\";s:5:\"value\";s:0:\"\";s:8:\"position\";i:1;s:10:\"is_visible\";i:0;s:12:\"is_variation\";i:0;s:11:\"is_taxonomy\";i:1;}s:8:\"pa_model\";a:6:{s:4:\"name\";s:8:\"pa_model\";s:5:\"value\";s:0:\"\";s:8:\"position\";i:2;s:10:\"is_visible\";i:0;s:12:\"is_variation\";i:0;s:11:\"is_taxonomy\";i:1;}}"],"astra-migrate-meta-layouts":["set"]},"uagb_featured_image_src":{"full":["https:\/\/www.jd-busbar.com\/wp-content\/uploads\/2025\/03\/50mm2-trolley-busbar-systems-1.webp",800,800,false],"thumbnail":["https:\/\/www.jd-busbar.com\/wp-content\/uploads\/2025\/03\/50mm2-trolley-busbar-systems-1-150x150.webp",150,150,true],"medium":["https:\/\/www.jd-busbar.com\/wp-content\/uploads\/2025\/03\/50mm2-trolley-busbar-systems-1-300x300.webp",300,300,true],"medium_large":["https:\/\/www.jd-busbar.com\/wp-content\/uploads\/2025\/03\/50mm2-trolley-busbar-systems-1-768x768.webp",768,768,true],"large":["https:\/\/www.jd-busbar.com\/wp-content\/uploads\/2025\/03\/50mm2-trolley-busbar-systems-1.webp",800,800,false],"1536x1536":["https:\/\/www.jd-busbar.com\/wp-content\/uploads\/2025\/03\/50mm2-trolley-busbar-systems-1.webp",800,800,false],"2048x2048":["https:\/\/www.jd-busbar.com\/wp-content\/uploads\/2025\/03\/50mm2-trolley-busbar-systems-1.webp",800,800,false],"trp-custom-language-flag":["https:\/\/www.jd-busbar.com\/wp-content\/uploads\/2025\/03\/50mm2-trolley-busbar-systems-1-12x12.webp",12,12,true],"woocommerce_thumbnail":["https:\/\/www.jd-busbar.com\/wp-content\/uploads\/2025\/03\/50mm2-trolley-busbar-systems-1-300x300.webp",300,300,true],"woocommerce_single":["https:\/\/www.jd-busbar.com\/wp-content\/uploads\/2025\/03\/50mm2-trolley-busbar-systems-1.webp",800,800,false],"woocommerce_gallery_thumbnail":["https:\/\/www.jd-busbar.com\/wp-content\/uploads\/2025\/03\/50mm2-trolley-busbar-systems-1-100x100.webp",100,100,true]},"uagb_author_info":{"display_name":"admin","author_link":"https:\/\/www.jd-busbar.com\/es\/author\/"},"uagb_comment_info":0,"uagb_excerpt":"50mm2 Trolley Busbar System Type\uff1aBHFS-5-50A\/225 Rated Current (A)\uff1a225 Unit dimensions (mm)\uff1a3016 x 86 x 65 Unit Weight (kg)\uff1a12.9 Equivalent to 50mm2 Copper Cable Trolley Busbar System is a new type of power transmission and distribution device, the shell is made of high-quality insulating materials, embedded with five transmission aluminium conductors as transmission busbars and equipped&hellip;","_links":{"self":[{"href":"https:\/\/www.jd-busbar.com\/es\/wp-json\/wp\/v2\/product\/860","targetHints":{"allow":["GET"]}}],"collection":[{"href":"https:\/\/www.jd-busbar.com\/es\/wp-json\/wp\/v2\/product"}],"about":[{"href":"https:\/\/www.jd-busbar.com\/es\/wp-json\/wp\/v2\/types\/product"}],"wp:featuredmedia":[{"embeddable":true,"href":"https:\/\/www.jd-busbar.com\/es\/wp-json\/wp\/v2\/media\/674"}],"wp:attachment":[{"href":"https:\/\/www.jd-busbar.com\/es\/wp-json\/wp\/v2\/media?parent=860"}],"wp:term":[{"taxonomy":"product_brand","embeddable":true,"href":"https:\/\/www.jd-busbar.com\/es\/wp-json\/wp\/v2\/product_brand?post=860"},{"taxonomy":"product_cat","embeddable":true,"href":"https:\/\/www.jd-busbar.com\/es\/wp-json\/wp\/v2\/product_cat?post=860"},{"taxonomy":"product_tag","embeddable":true,"href":"https:\/\/www.jd-busbar.com\/es\/wp-json\/wp\/v2\/product_tag?post=860"}],"curies":[{"name":"wp","href":"https:\/\/api.w.org\/{rel}","templated":true}]}}