{"id":849,"date":"2025-03-31T13:28:59","date_gmt":"2025-03-31T13:28:59","guid":{"rendered":"https:\/\/www.jd-busbar.com\/?post_type=product&#038;p=849"},"modified":"2025-04-28T18:14:29","modified_gmt":"2025-04-28T18:14:29","slug":"sistema-de-barras-conductoras-bhfs-5-35c","status":"publish","type":"product","link":"https:\/\/www.jd-busbar.com\/es\/bhfs-5-35c-power-busbar-system\/","title":{"rendered":"Sistema de barras conductoras BHFS-5-35C"},"content":{"rendered":"<div style=\"width: 1280px;\" class=\"wp-video\"><video class=\"wp-video-shortcode\" id=\"video-849-1\" width=\"1280\" height=\"720\" preload=\"metadata\" controls=\"controls\"><source type=\"video\/mp4\" src=\"https:\/\/www.jd-busbar.com\/wp-content\/uploads\/2025\/04\/crane-busbar-system.mp4?_=1\" \/><a href=\"https:\/\/www.jd-busbar.com\/wp-content\/uploads\/2025\/04\/crane-busbar-system.mp4\">https:\/\/www.jd-busbar.com\/wp-content\/uploads\/2025\/04\/crane-busbar-system.mp4<\/a><\/video><\/div>\n<h3>35 mm<sup>2<\/sup> Sistema de barras conductoras de energ\u00eda con caracter\u00edsticas:<\/h3>\n<ul>\n<li>Sin carga a\u00f1adida en el elevador: El sistema Power Busbar se fija en secciones est\u00e1ndar, distribuyendo el peso uniformemente sin aumentar la carga de la jaula.<\/li>\n<li>Resistente a la intemperie: Fijado a secciones est\u00e1ndar, el sistema de barras colectoras de alimentaci\u00f3n permanece inm\u00f3vil independientemente del viento, lo que garantiza un funcionamiento ininterrumpido del ascensor.<\/li>\n<li>Bajo riesgo de robo: El sistema de barras conductoras tiene poco valor una vez desmontado, lo que lo hace poco atractivo para el robo.<\/li>\n<li>F\u00e1cilmente sustituible: Si se da\u00f1a, s\u00f3lo hay que sustituir la pieza afectada, con reparaciones sencillas in situ separando las juntas.<\/li>\n<li>Sin riesgo de sobrecarga: Si falla el l\u00edmite, el colector se desconectar\u00e1 autom\u00e1ticamente del cable de deslizamiento, deteniendo la elevaci\u00f3n sin que se produzca topping.<\/li>\n<li>Ajustable al avance del proyecto: Cada secci\u00f3n mide 3016 mm de largo y puede a\u00f1adirse o ajustarse f\u00e1cilmente conectando secciones enchufables.<\/li>\n<li>Reutilizable: El sistema de barras conductoras dura entre 4 y 6 a\u00f1os y puede reutilizarse una vez finalizado el proyecto.<\/li>\n<\/ul>\n<h3 style=\"margin-top: 50px;\">Casos de proyectos:<\/h3>\n<div class=\"case\">\n<div class=\"case-text\">\n<h4>Caso 1: Proyecto 428 del Centro de Comercio Internacional de Dongguan<\/h4>\n<ul>\n<li>Modelo del producto: BHFS-5-35C\/165<\/li>\n<li>Fecha de instalaci\u00f3n inicial: 2018<\/li>\n<li>Altura total: 428 metros<\/li>\n<li>Fabricante de ascensores: Guangzhou Yian<\/li>\n<li>Potencia del motor: 3*18,5 kW<\/li>\n<\/ul>\n<\/div>\n<div class=\"case-img\"><img decoding=\"async\" src=\"\/wp-content\/uploads\/2025\/04\/35-case1-1.webp\" alt=\"Malet\u00edn de proyecto del sistema de barras conductoras de 35 mm2\" \/><\/div>\n<div class=\"case-img\"><img decoding=\"async\" src=\"\/wp-content\/uploads\/2025\/04\/35-case1-2.webp\" alt=\"Malet\u00edn de proyecto del sistema de barras conductoras de 35 mm2\" \/><\/div>\n<\/div>\n<div class=\"case\">\n<div class=\"case-text\">\n<h4>Caso 2: Nanjing Golden Eagle World Plaza<\/h4>\n<ul>\n<li>Modelo del producto: BHFS-5-35C\/165<\/li>\n<li>Fecha de instalaci\u00f3n inicial: 2017-9<\/li>\n<li>Altura total: 368 metros<\/li>\n<li>Fabricante de ascensores: Guangzhou Tewei<\/li>\n<li>Potencia del motor: 3*18,5 kW<\/li>\n<\/ul>\n<\/div>\n<div class=\"case-img\"><img decoding=\"async\" src=\"\/wp-content\/uploads\/2025\/04\/35-case2-1.webp\" alt=\"Malet\u00edn de proyecto del sistema de barras conductoras de 35 mm2\" \/><\/div>\n<div class=\"case-img\"><img decoding=\"async\" src=\"\/wp-content\/uploads\/2025\/04\/35-case2-2.webp\" alt=\"Malet\u00edn de proyecto del sistema de barras conductoras de 35 mm2\" \/><\/div>\n<\/div>\n<div class=\"case\">\n<div class=\"case-text\">\n<h4>Caso 3: Taipei Nanshan Plaza<\/h4>\n<ul>\n<li>Modelo del producto: BHFS-5-35C\/165<\/li>\n<li>Fecha de instalaci\u00f3n inicial: 2017-2<\/li>\n<li>Altura total de la instalaci\u00f3n: 272 metros<\/li>\n<li>Fabricante de ascensores: Alimak<\/li>\n<li>Potencia del motor: 3*22kW<\/li>\n<\/ul>\n<\/div>\n<div class=\"case-img\"><img decoding=\"async\" src=\"\/wp-content\/uploads\/2025\/04\/35-case3-1.webp\" alt=\"Malet\u00edn de proyecto del sistema de barras conductoras de 35 mm2\" \/><\/div>\n<div class=\"case-img\"><img decoding=\"async\" src=\"\/wp-content\/uploads\/2025\/04\/35-case3-2.webp\" alt=\"Malet\u00edn de proyecto del sistema de barras conductoras de 35 mm2\" \/><\/div>\n<\/div>\n<div class=\"case\">\n<div class=\"case-text\">\n<h4>Caso 4:<\/h4>\n<ul>\n<li>Modelo del producto: BHFS-5-35C\/165<\/li>\n<li>Fecha de instalaci\u00f3n inicial: 2020<\/li>\n<li>Altura total de la instalaci\u00f3n: 330 metros<\/li>\n<li>Fabricante de ascensores: ORBIT<\/li>\n<li>Potencia del motor: 3*18,5 kW<\/li>\n<\/ul>\n<\/div>\n<div class=\"case-img\"><img decoding=\"async\" src=\"\/wp-content\/uploads\/2025\/04\/35-case4-1.webp\" alt=\"Malet\u00edn de proyecto del sistema de barras conductoras de 35 mm2\" \/><\/div>\n<div class=\"case-img\"><img decoding=\"async\" src=\"\/wp-content\/uploads\/2025\/04\/35-case4-2.webp\" alt=\"Malet\u00edn de proyecto del sistema de barras conductoras de 35 mm2\" \/><\/div>\n<\/div>\n<div class=\"case\">\n<div class=\"case-text\">\n<h4>Caso 5: Proyecto de hotel en Wakayama (Jap\u00f3n)<\/h4>\n<ul>\n<li>Modelo del producto: BHFS-5-35C\/165<\/li>\n<li>Fecha de instalaci\u00f3n inicial: 2018-10<\/li>\n<li>Altura total de instalaci\u00f3n: 180 m<\/li>\n<li>Fabricante del ascensor: SANSEI<\/li>\n<li>Potencia del motor: 3*11kW<\/li>\n<\/ul>\n<\/div>\n<div class=\"case-img\"><img decoding=\"async\" src=\"\/wp-content\/uploads\/2025\/04\/35-case5-1.webp\" alt=\"Malet\u00edn de proyecto del sistema de barras conductoras de 35 mm2\" \/><\/div>\n<div class=\"case-img\"><img decoding=\"async\" src=\"\/wp-content\/uploads\/2025\/04\/35-case5-2.webp\" alt=\"Malet\u00edn de proyecto del sistema de barras conductoras de 35 mm2\" \/><\/div>\n<\/div>","protected":false},"excerpt":{"rendered":"<h2>35 mm<sup>2<\/sup> Sistema de barras conductoras<\/h2>\n<ul>\n<li>Modelo: BHFS-5-35C\/165<\/li>\n<li>Corriente nominal (A): 165<\/li>\n<li>Tensi\u00f3n nominal (V): 380\/690<\/li>\n<li>Dimensiones de la unidad (mm): 3016x75x60<\/li>\n<li>Peso unitario (kg): 10.2<\/li>\n<li>Equivalente a 35 mm2 de cable de cobre<\/li>\n<\/ul>\n<p><strong>Sistema de barras conductoras<\/strong> es un nuevo tipo de dispositivo de transmisi\u00f3n y distribuci\u00f3n de energ\u00eda utilizado en gr\u00faas de construcci\u00f3n. Su cubierta exterior est\u00e1 hecha de material aislante de alta calidad, con 5 cables de aluminio de transmisi\u00f3n incrustados como barra colectora de transmisi\u00f3n y un colector m\u00f3vil y flexible. Tiene una estructura simple y compacta, es seguro y fiable, y ahorra energ\u00eda.<br \/>\nLa longitud de cada uno es de 3016 mm (igual a la altura de 2 tramos est\u00e1ndar), y se monta directamente sobre el tramo est\u00e1ndar con fijaciones de hierro. Su nacimiento ha resuelto eficazmente los problemas de la corta vida \u00fatil de los cables, la facilidad de robo y la facilidad de desconexi\u00f3n con viento, que afecta a la seguridad de la construcci\u00f3n y otros problemas que han preocupado a los clientes durante muchos a\u00f1os.<\/p>","protected":false},"featured_media":666,"template":"","meta":{"_uag_custom_page_level_css":"","site-sidebar-layout":"default","site-content-layout":"","ast-site-content-layout":"default","site-content-style":"default","site-sidebar-style":"default","ast-global-header-display":"","ast-banner-title-visibility":"","ast-main-header-display":"","ast-hfb-above-header-display":"","ast-hfb-below-header-display":"","ast-hfb-mobile-header-display":"","site-post-title":"","ast-breadcrumbs-content":"","ast-featured-img":"","footer-sml-layout":"","ast-disable-related-posts":"","theme-transparent-header-meta":"default","adv-header-id-meta":"","stick-header-meta":"default","header-above-stick-meta":"","header-main-stick-meta":"","header-below-stick-meta":"","astra-migrate-meta-layouts":"set","ast-page-background-enabled":"default","ast-page-background-meta":{"desktop":{"background-color":"var(--ast-global-color-5)","background-image":"","background-repeat":"repeat","background-position":"center center","background-size":"auto","background-attachment":"scroll","background-type":"","background-media":"","overlay-type":"","overlay-color":"","overlay-opacity":"","overlay-gradient":""},"tablet":{"background-color":"","background-image":"","background-repeat":"repeat","background-position":"center center","background-size":"auto","background-attachment":"scroll","background-type":"","background-media":"","overlay-type":"","overlay-color":"","overlay-opacity":"","overlay-gradient":""},"mobile":{"background-color":"","background-image":"","background-repeat":"repeat","background-position":"center center","background-size":"auto","background-attachment":"scroll","background-type":"","background-media":"","overlay-type":"","overlay-color":"","overlay-opacity":"","overlay-gradient":""}},"ast-content-background-meta":{"desktop":{"background-color":"var(--ast-global-color-4)","background-image":"","background-repeat":"repeat","background-position":"center center","background-size":"auto","background-attachment":"scroll","background-type":"","background-media":"","overlay-type":"","overlay-color":"","overlay-opacity":"","overlay-gradient":""},"tablet":{"background-color":"var(--ast-global-color-4)","background-image":"","background-repeat":"repeat","background-position":"center center","background-size":"auto","background-attachment":"scroll","background-type":"","background-media":"","overlay-type":"","overlay-color":"","overlay-opacity":"","overlay-gradient":""},"mobile":{"background-color":"var(--ast-global-color-4)","background-image":"","background-repeat":"repeat","background-position":"center center","background-size":"auto","background-attachment":"scroll","background-type":"","background-media":"","overlay-type":"","overlay-color":"","overlay-opacity":"","overlay-gradient":""}}},"product_brand":[],"product_cat":[18,17],"product_tag":[34],"class_list":{"0":"post-849","1":"product","2":"type-product","3":"status-publish","4":"has-post-thumbnail","6":"product_cat-conductor-busbar","7":"product_cat-busbar-system","8":"product_tag-power-busbar-system","9":"desktop-align-center","10":"tablet-align-center","11":"mobile-align-center","12":"ast-product-gallery-layout-horizontal-slider","13":"ast-product-tabs-layout-horizontal","15":"first","16":"instock","17":"shipping-taxable","18":"product-type-simple"},"spectra_custom_meta":{"rank_math_seo_score":["77"],"_edit_last":["1"],"total_sales":["0"],"_tax_status":["taxable"],"_tax_class":[""],"_manage_stock":["no"],"_backorders":["no"],"_sold_individually":["no"],"_virtual":["no"],"_downloadable":["no"],"_download_limit":["-1"],"_download_expiry":["-1"],"_stock":[null],"_stock_status":["instock"],"_wc_average_rating":["0"],"_wc_review_count":["0"],"_product_version":["9.8.2"],"rank_math_internal_links_processed":["1"],"rank_math_primary_product_brand":["0"],"rank_math_primary_product_cat":["18"],"site-sidebar-layout":["default"],"ast-site-content-layout":["default"],"site-content-style":["default"],"site-sidebar-style":["default"],"theme-transparent-header-meta":["default"],"_edit_lock":["1745863936:1"],"_thumbnail_id":["666"],"_product_image_gallery":["667,668,669,670,671"],"rank_math_focus_keyword":["Power Busbar System"],"parameters":["<h3>Parameters for 35mm<sup>2<\/sup> Power Busbar System:<\/h3>\r\n<div style=\"overflow-x: auto;\">\r\n<table>\r\n<tbody>\r\n<tr>\r\n<th>Name of Parameter<\/th>\r\n<th>Model: BHFS-5-35C\/165<\/th>\r\n<th>Model: BHFS-5-35D\/165<\/th>\r\n<\/tr>\r\n<tr>\r\n<td>Rated current<\/td>\r\n<td>165A<\/td>\r\n<td>165A<\/td>\r\n<\/tr>\r\n<tr>\r\n<td>Rated voltage<\/td>\r\n<td>380V<\/td>\r\n<td>380V<\/td>\r\n<\/tr>\r\n<tr>\r\n<td>Power supply mode<\/td>\r\n<td>Three-phase five-wire<\/td>\r\n<td>Three-phase five-wire<\/td>\r\n<\/tr>\r\n<tr>\r\n<td>Single-wire specification<\/td>\r\n<td>3016x75x60mm<\/td>\r\n<td>3016x85x69mm<\/td>\r\n<\/tr>\r\n<tr>\r\n<td> Single weight<\/td>\r\n<td>10.2kg<\/td>\r\n<td>11.9kg<\/td>\r\n<\/tr>\r\n<tr>\r\n<td>Insulation resistance<\/td>\r\n<td>&ge;0.5MQ<\/td>\r\n<td>&ge;0.5MQ<\/td>\r\n<\/tr>\r\n<tr>\r\n<td>Insulation dielectric strength<\/td>\r\n<td>Power frequency AC 3750V, 1min without breakdown flicker<\/td>\r\n<td>Power frequency AC 3750V, 1min without breakdown flicker<\/td>\r\n<\/tr>\r\n<tr>\r\n<td>Shell protection level<\/td>\r\n<td>IP23<\/td>\r\n<td>IP23<\/td>\r\n<\/tr>\r\n<tr>\r\n<td>Electrothermal stability<\/td>\r\n<td>20 times|rated 1s<\/td>\r\n<td>20 times|rated 1s<\/td>\r\n<\/tr>\r\n<tr>\r\n<td>Rated short-time withstand current and<br \/> Rated peak withstand current<\/td>\r\n<td>4.5KA\/6.75KA<\/td>\r\n<td>4.5KA\/6.75KA<\/td>\r\n<\/tr>\r\n<tr>\r\n<td>Environmental indicators<\/td>\r\n<td>1. High temperature resistance test: ordinary type +55&deg;C<br \/> 2. Low temperature resistance test -30&deg;C<br \/> 3. Moisture and heat resistance test relative humidity 95%, +25&deg;C<br \/> 4. Atmospheric pressure 86-106KPa<\/td>\r\n<td>1. High temperature resistance test: ordinary type +55&deg;C<br \/> 2. Low temperature resistance test -30&deg;C<br \/> 3. Moisture and heat resistance test relative humidity 95%, +25&deg;C<br \/> 4. Atmospheric pressure 86-106KPa<\/td>\r\n<\/tr>\r\n<tr>\r\n<td>Flame retardancy<\/td>\r\n<td>V0 grade<\/td>\r\n<td>V0 grade<\/td>\r\n<\/tr>\r\n<tr>\r\n<td>Transmission busbar parameters<\/td>\r\n<td>Meet the requirements of GB3048 (electrical properties of wire and cable conductors) standard<br \/> Resistivity &le;0.0289mm&sup2;\/m (at +20&deg;C)<\/td>\r\n<td>Meet the requirements of GB3048 (electrical properties of wire and cable conductors) standard<br \/> Resistivity &le;0.0289mm&sup2;\/m (at +20&deg;C)<\/td>\r\n<\/tr>\r\n<tr>\r\n<td>Current collector<\/td>\r\n<td>Traction force: F&lt;80N; Movement speed: V&le;100m\/min<\/td>\r\n<td>Traction force: F&lt;80N; Movement speed: V&le;100m\/min<\/td>\r\n<\/tr>\r\n<tr>\r\n<td>Brush coefficient<\/td>\r\n<td>Running 2000KM, wear amount &lt;0.8mm<br \/> Effective brush wear: 5-7mm;<br \/> Effective working pressure: 3.72-5.36N\/cm&sup2;<\/td>\r\n<td>Running 2000KM, wear amount &lt;0.8mm<br \/> Effective brush wear: 9-11mm;<br \/> Effective working pressure: 3.72-5.36N\/cm&sup2;<\/td>\r\n<\/tr>\r\n<tr>\r\n<td>Resistance<\/td>\r\n<td>1.06x10&#8315;<sup>3<\/sup>&ohm;\/m<\/td>\r\n<td>1.06x10&#8315;<sup>3<\/sup>&ohm;\/m<\/td>\r\n<\/tr>\r\n<\/tbody>\r\n<\/table>\r\n<\/div>"],"stick-header-meta":["default"],"_wp_old_slug":["35mm2-power-conductor-rails","35mm2-power-conductor-rail","remarkable-power-conductor-rail","bhfs-5-35c-power-conductor-rail","bhfs-5-35c-crane-busbar-system"],"rank_math_contentai_score":["a:5:{s:8:\"keywords\";s:5:\"74.51\";s:9:\"wordCount\";s:1:\"0\";s:9:\"linkCount\";s:1:\"0\";s:12:\"headingCount\";s:1:\"0\";s:10:\"mediaCount\";s:1:\"0\";}"],"_price":[""],"_sale_price":[""],"_product_attributes":["a:3:{s:22:\"pa_application-section\";a:6:{s:4:\"name\";s:22:\"pa_application-section\";s:5:\"value\";s:0:\"\";s:8:\"position\";i:0;s:10:\"is_visible\";i:0;s:12:\"is_variation\";i:0;s:11:\"is_taxonomy\";i:1;}s:21:\"pa_application-fields\";a:6:{s:4:\"name\";s:21:\"pa_application-fields\";s:5:\"value\";s:0:\"\";s:8:\"position\";i:1;s:10:\"is_visible\";i:0;s:12:\"is_variation\";i:0;s:11:\"is_taxonomy\";i:1;}s:8:\"pa_model\";a:6:{s:4:\"name\";s:8:\"pa_model\";s:5:\"value\";s:0:\"\";s:8:\"position\";i:2;s:10:\"is_visible\";i:0;s:12:\"is_variation\";i:0;s:11:\"is_taxonomy\";i:1;}}"],"astra-migrate-meta-layouts":["set"]},"uagb_featured_image_src":{"full":["https:\/\/www.jd-busbar.com\/wp-content\/uploads\/2025\/03\/35mm2-power-conductor-rails-1.webp",800,800,false],"thumbnail":["https:\/\/www.jd-busbar.com\/wp-content\/uploads\/2025\/03\/35mm2-power-conductor-rails-1-150x150.webp",150,150,true],"medium":["https:\/\/www.jd-busbar.com\/wp-content\/uploads\/2025\/03\/35mm2-power-conductor-rails-1-300x300.webp",300,300,true],"medium_large":["https:\/\/www.jd-busbar.com\/wp-content\/uploads\/2025\/03\/35mm2-power-conductor-rails-1-768x768.webp",768,768,true],"large":["https:\/\/www.jd-busbar.com\/wp-content\/uploads\/2025\/03\/35mm2-power-conductor-rails-1.webp",800,800,false],"1536x1536":["https:\/\/www.jd-busbar.com\/wp-content\/uploads\/2025\/03\/35mm2-power-conductor-rails-1.webp",800,800,false],"2048x2048":["https:\/\/www.jd-busbar.com\/wp-content\/uploads\/2025\/03\/35mm2-power-conductor-rails-1.webp",800,800,false],"trp-custom-language-flag":["https:\/\/www.jd-busbar.com\/wp-content\/uploads\/2025\/03\/35mm2-power-conductor-rails-1-12x12.webp",12,12,true],"woocommerce_thumbnail":["https:\/\/www.jd-busbar.com\/wp-content\/uploads\/2025\/03\/35mm2-power-conductor-rails-1-300x300.webp",300,300,true],"woocommerce_single":["https:\/\/www.jd-busbar.com\/wp-content\/uploads\/2025\/03\/35mm2-power-conductor-rails-1.webp",800,800,false],"woocommerce_gallery_thumbnail":["https:\/\/www.jd-busbar.com\/wp-content\/uploads\/2025\/03\/35mm2-power-conductor-rails-1-100x100.webp",100,100,true]},"uagb_author_info":{"display_name":"admin","author_link":"https:\/\/www.jd-busbar.com\/es\/author\/"},"uagb_comment_info":0,"uagb_excerpt":"35mm2 Power Busbar System Model: BHFS-5-35C\/165 Rated current (A): 165 Rated voltage (V): 380\/690 Unit dimensio (mm): 3016x75x60 Unit weight (kg): 10.2 Equivalent to 35 sq. mm copper cable Power Busbar System is a new type of power transmission and distribution device used in construction cranes. Its outer shell is made of high-quality insulating material,&hellip;","_links":{"self":[{"href":"https:\/\/www.jd-busbar.com\/es\/wp-json\/wp\/v2\/product\/849","targetHints":{"allow":["GET"]}}],"collection":[{"href":"https:\/\/www.jd-busbar.com\/es\/wp-json\/wp\/v2\/product"}],"about":[{"href":"https:\/\/www.jd-busbar.com\/es\/wp-json\/wp\/v2\/types\/product"}],"wp:featuredmedia":[{"embeddable":true,"href":"https:\/\/www.jd-busbar.com\/es\/wp-json\/wp\/v2\/media\/666"}],"wp:attachment":[{"href":"https:\/\/www.jd-busbar.com\/es\/wp-json\/wp\/v2\/media?parent=849"}],"wp:term":[{"taxonomy":"product_brand","embeddable":true,"href":"https:\/\/www.jd-busbar.com\/es\/wp-json\/wp\/v2\/product_brand?post=849"},{"taxonomy":"product_cat","embeddable":true,"href":"https:\/\/www.jd-busbar.com\/es\/wp-json\/wp\/v2\/product_cat?post=849"},{"taxonomy":"product_tag","embeddable":true,"href":"https:\/\/www.jd-busbar.com\/es\/wp-json\/wp\/v2\/product_tag?post=849"}],"curies":[{"name":"wp","href":"https:\/\/api.w.org\/{rel}","templated":true}]}}