{"id":847,"date":"2025-03-31T13:12:29","date_gmt":"2025-03-31T13:12:29","guid":{"rendered":"https:\/\/www.jd-busbar.com\/?post_type=product&#038;p=847"},"modified":"2025-04-28T17:26:43","modified_gmt":"2025-04-28T17:26:43","slug":"barra-colectora-de-polipasto-de-construccion-bhfs-5-25d","status":"publish","type":"product","link":"https:\/\/www.jd-busbar.com\/es\/bhfs-5-25d-construction-hoist-busbar\/","title":{"rendered":"Barra colectora para polipastos de construcci\u00f3n BHFS-5-25D"},"content":{"rendered":"<div style=\"width: 1280px;\" class=\"wp-video\"><video class=\"wp-video-shortcode\" id=\"video-847-1\" width=\"1280\" height=\"720\" preload=\"metadata\" controls=\"controls\"><source type=\"video\/mp4\" src=\"https:\/\/www.jd-busbar.com\/wp-content\/uploads\/2025\/04\/crane-busbar-system.mp4?_=1\" \/><a href=\"https:\/\/www.jd-busbar.com\/wp-content\/uploads\/2025\/04\/crane-busbar-system.mp4\">https:\/\/www.jd-busbar.com\/wp-content\/uploads\/2025\/04\/crane-busbar-system.mp4<\/a><\/video><\/div>\n<h3>25 mm<sup>2<\/sup> Barra colectora de polipasto de construcci\u00f3n con caracter\u00edsticas:<\/h3>\n<ul>\n<li>No ocupa la capacidad de carga del elevador: la barra colectora del elevador de construcci\u00f3n se fija en la secci\u00f3n est\u00e1ndar, y el peso se descompone en cada secci\u00f3n est\u00e1ndar, lo que no aumentar\u00e1 la carga de la jaula.<\/li>\n<li>No se ve afectado por el clima: la barra colectora del elevador de construcci\u00f3n est\u00e1 fijada en la secci\u00f3n est\u00e1ndar, no importa lo ventoso que sea, la l\u00ednea de contacto de deslizamiento es estacionaria y no afecta al funcionamiento del elevador de construcci\u00f3n.<\/li>\n<li>No es f\u00e1cil de perder: el valor a\u00f1adido de la l\u00ednea de contacto por deslizamiento no es elevado tras el desmontaje, por lo que no es rentable.<\/li>\n<li>Da\u00f1ado y f\u00e1cil de reemplazar: la l\u00ednea de contacto de deslizamiento es piezas ensambladas, que las partes est\u00e1n da\u00f1adas, s\u00f3lo es necesario sustituir las piezas da\u00f1adas, no es necesario sustituir el conjunto, y la sustituci\u00f3n de piezas es relativamente simple, s\u00f3lo es necesario desmontar las articulaciones pueden ser reemplazados en el lugar.<\/li>\n<li>No topping: cuando el polipasto de construcci\u00f3n est\u00e1 equipado con cable deslizante, si el l\u00edmite falla, el colector se precipitar\u00e1 fuera de la parte superior del cable deslizante, el sistema cortar\u00e1 autom\u00e1ticamente la energ\u00eda, y el polipasto dejar\u00e1 de funcionar, y no ser\u00e1 topped.<\/li>\n<li>Puede a\u00f1adirse seg\u00fan el avance del proyecto: cada l\u00ednea de contacto deslizante tiene 3016 mm de longitud, lo que equivale a la altura de dos secciones est\u00e1ndar, y el m\u00e9todo de conexi\u00f3n es de tipo enchufable, que puede a\u00f1adirse con la altura de las secciones est\u00e1ndar.<\/li>\n<li>Se puede reciclar: el sistema de barras colectoras para gr\u00faas se puede utilizar normalmente durante 4 a 6 a\u00f1os, cuando se termina el proyecto, se puede volver a utilizar.<\/li>\n<\/ul>\n<h3 style=\"margin-top: 50px;\">Casos de proyectos:<\/h3>\n<div class=\"case\">\n<div class=\"case-text\">\n<h4>Caso 1: Puente Wufengshan sobre el r\u00edo Yangts\u00e9<\/h4>\n<ul>\n<li>Modelo del producto: BHFS-5-25D\/130<\/li>\n<li>Fecha de instalaci\u00f3n inicial: 2018-1<\/li>\n<li>Altura total: 200 metros<\/li>\n<li>Fabricante de ascensores: Yi Cheng Heavy Industry<\/li>\n<li>Potencia del motor: 2*12,5 kW<\/li>\n<\/ul>\n<\/div>\n<div class=\"case-img\"><img decoding=\"async\" src=\"\/wp-content\/uploads\/2025\/04\/25d-case2-1.webp\" alt=\"25mm2 Construcci\u00f3n Hoist Busbar caso de proyecto\" \/><\/div>\n<div class=\"case-img\"><img decoding=\"async\" src=\"\/wp-content\/uploads\/2025\/04\/25d-case2-2.webp\" alt=\"25mm2 Construcci\u00f3n Hoist Busbar caso de proyecto\" \/><\/div>\n<\/div>\n<div class=\"case\">\n<div class=\"case-text\">\n<h4>Caso 2: Centro Financiero Chow Tai Fook de Tianjin<\/h4>\n<ul>\n<li>Modelo del producto: BHFS-5-25D\/130<\/li>\n<li>Fecha de instalaci\u00f3n inicial: 2014<\/li>\n<li>Altura total: 530 metros<\/li>\n<li>Fabricante de ascensores: Tianjin Jinglong<\/li>\n<li>Potencia del motor: 3*19 kW<\/li>\n<\/ul>\n<\/div>\n<div class=\"case-img\"><img decoding=\"async\" src=\"\/wp-content\/uploads\/2025\/04\/25d-case3-1.webp\" alt=\"25mm2 Construcci\u00f3n Hoist Busbar caso de proyecto\" \/><\/div>\n<div class=\"case-img\"><img decoding=\"async\" src=\"\/wp-content\/uploads\/2025\/04\/25d-case3-2.webp\" alt=\"25mm2 Construcci\u00f3n Hoist Busbar caso de proyecto\" \/><\/div>\n<\/div>\n<div class=\"case-2c\">\n<div class=\"case-text\">\n<h4>Caso 3: JW Marriott International Doha, Qatar<\/h4>\n<ul>\n<li>Modelo del producto: BHFS-5-25C\/130<\/li>\n<li>Fecha de instalaci\u00f3n inicial: 2017-1<\/li>\n<li>Altura total: 230 metros<\/li>\n<li>Fabricante de ascensores: Sichuan Construction Machinery<\/li>\n<li>Potencia del motor: 3*15 kW<\/li>\n<\/ul>\n<\/div>\n<div class=\"case-img\"><img decoding=\"async\" src=\"\/wp-content\/uploads\/2025\/04\/25d-case4-1.webp\" alt=\"25mm2 Construcci\u00f3n Hoist Busbar caso de proyecto\" \/><\/div>\n<\/div>\n<div class=\"case\">\n<div class=\"case-text\">\n<h4>Caso 4: Korea Hwaseong Dongtan Residential and Commercial Complex Project<\/h4>\n<ul>\n<li>Modelo del producto: BHFS-5-25C\/130<\/li>\n<li>Fecha de instalaci\u00f3n inicial: 2019-3<\/li>\n<li>Altura total: 165 metros<\/li>\n<li>Potencia del motor: 3*17 kW<\/li>\n<\/ul>\n<\/div>\n<div class=\"case-img\"><img decoding=\"async\" src=\"\/wp-content\/uploads\/2025\/04\/25d-case5-1.webp\" alt=\"25mm2 Construcci\u00f3n Hoist Busbar caso de proyecto\" \/><\/div>\n<div class=\"case-img\"><img decoding=\"async\" src=\"\/wp-content\/uploads\/2025\/04\/25d-case5-2.webp\" alt=\"25mm2 Construcci\u00f3n Hoist Busbar caso de proyecto\" \/><\/div>\n<\/div>\n<div class=\"case-2c\">\n<div class=\"case-text\">\n<h4>Caso 5: Edificio NL5, autopista de Chongqing Nanchuan a Liangjiang New District<\/h4>\n<ul>\n<li>Modelo del producto: BHFS-5-25C\/130<\/li>\n<li>Fecha de instalaci\u00f3n inicial: 2017-1<\/li>\n<li>Altura total de la instalaci\u00f3n: 230 metros<\/li>\n<li>Fabricante de ascensores: Sichuan Construction Machinery<\/li>\n<li>Potencia del motor: 3*15 kW<\/li>\n<\/ul>\n<\/div>\n<div class=\"case-img\"><img decoding=\"async\" src=\"\/wp-content\/uploads\/2025\/04\/16mm-case3-1.webp\" alt=\"25mm2 Construcci\u00f3n Hoist Busbar caso de proyecto\" \/><\/div>\n<\/div>","protected":false},"excerpt":{"rendered":"<h2>25 mm<sup>2<\/sup> Barra colectora para polipastos de construcci\u00f3n<\/h2>\n<ul>\n<li>Modelo BHFS-5-25D\/130<\/li>\n<li>Corriente nominal (A): 130<\/li>\n<li>Dimensiones de la unidad (mm): 3016 x 68 x 60<\/li>\n<li>Peso unitario (kg): 9.2<\/li>\n<li>Equivalente a 25 mm2 de cable de cobre<\/li>\n<\/ul>\n<p><strong>Barra colectora para polipastos de construcci\u00f3n<\/strong> es un nuevo tipo de dispositivo de distribuci\u00f3n de energ\u00eda para polipastos de construcci\u00f3n. La c\u00e1scara se hace del material aislador de alta calidad, encajado con 5 alambres de aluminio de la transmisi\u00f3n como barra colectora de la transmisi\u00f3n, equipada del colector m\u00f3vil y flexible, que es simple y compacto en estructura, seguro y confiable, y ahorra electricidad.<br \/>\nLa longitud de cada uno es de 3016 mm (equivalente a la altura de 2 tramos est\u00e1ndar), y se instala directamente sobre el tramo est\u00e1ndar con fijaci\u00f3n de hierro. Su nacimiento ha resuelto eficazmente los problemas de corta duraci\u00f3n del cable, facilidad de robo, facilidad de desconexi\u00f3n con viento y afectaci\u00f3n a la seguridad de la construcci\u00f3n, que han preocupado a los usuarios durante muchos a\u00f1os.<\/p>","protected":false},"featured_media":655,"template":"","meta":{"_uag_custom_page_level_css":"","site-sidebar-layout":"default","site-content-layout":"","ast-site-content-layout":"default","site-content-style":"default","site-sidebar-style":"default","ast-global-header-display":"","ast-banner-title-visibility":"","ast-main-header-display":"","ast-hfb-above-header-display":"","ast-hfb-below-header-display":"","ast-hfb-mobile-header-display":"","site-post-title":"","ast-breadcrumbs-content":"","ast-featured-img":"","footer-sml-layout":"","ast-disable-related-posts":"","theme-transparent-header-meta":"default","adv-header-id-meta":"","stick-header-meta":"default","header-above-stick-meta":"","header-main-stick-meta":"","header-below-stick-meta":"","astra-migrate-meta-layouts":"set","ast-page-background-enabled":"default","ast-page-background-meta":{"desktop":{"background-color":"var(--ast-global-color-5)","background-image":"","background-repeat":"repeat","background-position":"center center","background-size":"auto","background-attachment":"scroll","background-type":"","background-media":"","overlay-type":"","overlay-color":"","overlay-opacity":"","overlay-gradient":""},"tablet":{"background-color":"","background-image":"","background-repeat":"repeat","background-position":"center center","background-size":"auto","background-attachment":"scroll","background-type":"","background-media":"","overlay-type":"","overlay-color":"","overlay-opacity":"","overlay-gradient":""},"mobile":{"background-color":"","background-image":"","background-repeat":"repeat","background-position":"center center","background-size":"auto","background-attachment":"scroll","background-type":"","background-media":"","overlay-type":"","overlay-color":"","overlay-opacity":"","overlay-gradient":""}},"ast-content-background-meta":{"desktop":{"background-color":"var(--ast-global-color-4)","background-image":"","background-repeat":"repeat","background-position":"center center","background-size":"auto","background-attachment":"scroll","background-type":"","background-media":"","overlay-type":"","overlay-color":"","overlay-opacity":"","overlay-gradient":""},"tablet":{"background-color":"var(--ast-global-color-4)","background-image":"","background-repeat":"repeat","background-position":"center center","background-size":"auto","background-attachment":"scroll","background-type":"","background-media":"","overlay-type":"","overlay-color":"","overlay-opacity":"","overlay-gradient":""},"mobile":{"background-color":"var(--ast-global-color-4)","background-image":"","background-repeat":"repeat","background-position":"center center","background-size":"auto","background-attachment":"scroll","background-type":"","background-media":"","overlay-type":"","overlay-color":"","overlay-opacity":"","overlay-gradient":""}}},"product_brand":[],"product_cat":[18,17],"product_tag":[28],"class_list":{"0":"post-847","1":"product","2":"type-product","3":"status-publish","4":"has-post-thumbnail","6":"product_cat-conductor-busbar","7":"product_cat-busbar-system","8":"product_tag-crane-busbar-system","9":"desktop-align-center","10":"tablet-align-center","11":"mobile-align-center","12":"ast-product-gallery-layout-horizontal-slider","13":"ast-product-tabs-layout-horizontal","15":"first","16":"instock","17":"shipping-taxable","18":"product-type-simple"},"spectra_custom_meta":{"_edit_last":["1"],"_edit_lock":["1745863780:1"],"rank_math_internal_links_processed":["1"],"rank_math_seo_score":["77"],"_thumbnail_id":["655"],"total_sales":["0"],"_tax_status":["taxable"],"_tax_class":[""],"_manage_stock":["no"],"_backorders":["no"],"_sold_individually":["no"],"_virtual":["no"],"_downloadable":["no"],"_download_limit":["-1"],"_download_expiry":["-1"],"_stock":[null],"_stock_status":["instock"],"_wc_average_rating":["0"],"_wc_review_count":["0"],"_product_version":["9.8.2"],"_product_image_gallery":["656,657,658,659,660"],"rank_math_primary_product_brand":["0"],"rank_math_primary_product_cat":["18"],"site-sidebar-layout":["default"],"ast-site-content-layout":["default"],"site-content-style":["default"],"site-sidebar-style":["default"],"theme-transparent-header-meta":["default"],"parameters":["<h3>Parameters for 25mm&sup2 Construction Hoist Busbar:<\/h3>\r\n<div style=\"overflow-x: auto;\">\r\n<table>\r\n<tbody>\r\n<tr>\r\n<th>Name of parameter<\/th>\r\n<th>Value<\/th>\r\n<\/tr>\r\n<tr>\r\n<td>Rated Current<\/td>\r\n<td>130A<\/td>\r\n<\/tr>\r\n<tr>\r\n<td>Rated Voltage<\/td>\r\n<td>380V<\/td>\r\n<\/tr>\r\n<tr>\r\n<td>Power Supply Method<\/td>\r\n<td>Three-phase five-wire<\/td>\r\n<\/tr>\r\n<tr>\r\n<td>Unit Dimension<\/td>\r\n<td>3016 x 68 x 60mm<\/td>\r\n<\/tr>\r\n<tr>\r\n<td>Unit Weight<\/td>\r\n<td>9.2kg<\/td>\r\n<\/tr>\r\n<tr>\r\n<td>Enclosure Protection Grade<\/td>\r\n<td>IP23<\/td>\r\n<\/tr>\r\n<tr>\r\n<td>Current Collector<\/td>\r\n<td>Traction force: F &lt; 80N<br \/>Movement speed: V &lt; 100m\/min<\/td>\r\n<\/tr>\r\n<tr>\r\n<td>Brush Coefficient<\/td>\r\n<td>Operation 2000KM, wear &lt; 0.8mm<br \/>Effective brush wear: 5-7mm<br \/>Effective working pressure: 3.72-5.36N\/cm&sup2<\/td>\r\n<\/tr>\r\n <tr>\r\n<td>Environmental Indicators<\/td>\r\n<td>High temperature resistance test: Ordinary type +55&deg;C<br \/>Low temperature resistance test -30&deg;C<br \/>Damp heat resistance test Relative humidity 95%, +25&deg;C<br \/>Atmospheric pressure 86-106KPa<\/td>\r\n<\/tr>\r\n<\/tbody>\r\n<\/table>\r\n<\/div>"],"stick-header-meta":["default"],"rank_math_focus_keyword":["Construction Hoist Busbar"],"_wp_old_slug":["25mm2-crane-busbar-system","economical-crane-busbar-system","bhfs-5-25d-crane-busbar-system"],"rank_math_contentai_score":["a:5:{s:8:\"keywords\";s:5:\"74.51\";s:9:\"wordCount\";s:1:\"0\";s:9:\"linkCount\";s:1:\"0\";s:12:\"headingCount\";s:1:\"0\";s:10:\"mediaCount\";s:1:\"0\";}"],"_price":[""],"_sale_price":[""],"_product_attributes":["a:3:{s:22:\"pa_application-section\";a:6:{s:4:\"name\";s:22:\"pa_application-section\";s:5:\"value\";s:0:\"\";s:8:\"position\";i:0;s:10:\"is_visible\";i:0;s:12:\"is_variation\";i:0;s:11:\"is_taxonomy\";i:1;}s:21:\"pa_application-fields\";a:6:{s:4:\"name\";s:21:\"pa_application-fields\";s:5:\"value\";s:0:\"\";s:8:\"position\";i:1;s:10:\"is_visible\";i:0;s:12:\"is_variation\";i:0;s:11:\"is_taxonomy\";i:1;}s:8:\"pa_model\";a:6:{s:4:\"name\";s:8:\"pa_model\";s:5:\"value\";s:0:\"\";s:8:\"position\";i:2;s:10:\"is_visible\";i:0;s:12:\"is_variation\";i:0;s:11:\"is_taxonomy\";i:1;}}"],"astra-migrate-meta-layouts":["set"]},"uagb_featured_image_src":{"full":["https:\/\/www.jd-busbar.com\/wp-content\/uploads\/2025\/03\/25mm2-crane-busbar-system-1.webp",800,800,false],"thumbnail":["https:\/\/www.jd-busbar.com\/wp-content\/uploads\/2025\/03\/25mm2-crane-busbar-system-1-150x150.webp",150,150,true],"medium":["https:\/\/www.jd-busbar.com\/wp-content\/uploads\/2025\/03\/25mm2-crane-busbar-system-1-300x300.webp",300,300,true],"medium_large":["https:\/\/www.jd-busbar.com\/wp-content\/uploads\/2025\/03\/25mm2-crane-busbar-system-1-768x768.webp",768,768,true],"large":["https:\/\/www.jd-busbar.com\/wp-content\/uploads\/2025\/03\/25mm2-crane-busbar-system-1.webp",800,800,false],"1536x1536":["https:\/\/www.jd-busbar.com\/wp-content\/uploads\/2025\/03\/25mm2-crane-busbar-system-1.webp",800,800,false],"2048x2048":["https:\/\/www.jd-busbar.com\/wp-content\/uploads\/2025\/03\/25mm2-crane-busbar-system-1.webp",800,800,false],"trp-custom-language-flag":["https:\/\/www.jd-busbar.com\/wp-content\/uploads\/2025\/03\/25mm2-crane-busbar-system-1-12x12.webp",12,12,true],"woocommerce_thumbnail":["https:\/\/www.jd-busbar.com\/wp-content\/uploads\/2025\/03\/25mm2-crane-busbar-system-1-300x300.webp",300,300,true],"woocommerce_single":["https:\/\/www.jd-busbar.com\/wp-content\/uploads\/2025\/03\/25mm2-crane-busbar-system-1.webp",800,800,false],"woocommerce_gallery_thumbnail":["https:\/\/www.jd-busbar.com\/wp-content\/uploads\/2025\/03\/25mm2-crane-busbar-system-1-100x100.webp",100,100,true]},"uagb_author_info":{"display_name":"admin","author_link":"https:\/\/www.jd-busbar.com\/es\/author\/"},"uagb_comment_info":0,"uagb_excerpt":"25mm2 Construction Hoist Busbar Model: BHFS-5-25D\/130 Rated current (A): 130 Unit dimensio (mm): 3016 x 68 x 60 Unit weight (kg): 9.2 Equivalent to 25 sq. mm copper cable Construction Hoist Busbar is a new type of power distribution device for Construction Hoist. The shell is made of high quality insulating material, embedded with 5&hellip;","_links":{"self":[{"href":"https:\/\/www.jd-busbar.com\/es\/wp-json\/wp\/v2\/product\/847","targetHints":{"allow":["GET"]}}],"collection":[{"href":"https:\/\/www.jd-busbar.com\/es\/wp-json\/wp\/v2\/product"}],"about":[{"href":"https:\/\/www.jd-busbar.com\/es\/wp-json\/wp\/v2\/types\/product"}],"wp:featuredmedia":[{"embeddable":true,"href":"https:\/\/www.jd-busbar.com\/es\/wp-json\/wp\/v2\/media\/655"}],"wp:attachment":[{"href":"https:\/\/www.jd-busbar.com\/es\/wp-json\/wp\/v2\/media?parent=847"}],"wp:term":[{"taxonomy":"product_brand","embeddable":true,"href":"https:\/\/www.jd-busbar.com\/es\/wp-json\/wp\/v2\/product_brand?post=847"},{"taxonomy":"product_cat","embeddable":true,"href":"https:\/\/www.jd-busbar.com\/es\/wp-json\/wp\/v2\/product_cat?post=847"},{"taxonomy":"product_tag","embeddable":true,"href":"https:\/\/www.jd-busbar.com\/es\/wp-json\/wp\/v2\/product_tag?post=847"}],"curies":[{"name":"wp","href":"https:\/\/api.w.org\/{rel}","templated":true}]}}