{"id":845,"date":"2025-03-31T12:55:03","date_gmt":"2025-03-31T12:55:03","guid":{"rendered":"https:\/\/www.jd-busbar.com\/?post_type=product&#038;p=845"},"modified":"2025-04-28T17:23:46","modified_gmt":"2025-04-28T17:23:46","slug":"sistema-de-barras-electricas-bhfs-4w-16a","status":"publish","type":"product","link":"https:\/\/www.jd-busbar.com\/es\/bhfs-4w-16a-electrical-busbar-system\/","title":{"rendered":"Sistema de barras el\u00e9ctricas BHFS-4W-16A"},"content":{"rendered":"<h3>16 mm<sup>2<\/sup> Sistema de barras el\u00e9ctricas con caracter\u00edsticas:<\/h3>\n<p>\nLos productos transversales de la empresa Sistema de barras conductoras el\u00e9ctricas, adecuado para la decoraci\u00f3n de muros cortina al aire libre, limpieza de paredes exteriores, parque infantil, patio de carga ferroviaria, puerto y otros lugares de elevaci\u00f3n y transporte de maquinaria y equipos de diversi\u00f3n de alimentaci\u00f3n m\u00f3vil.\n<\/p>\n<h3 style=\"margin-top: 50px;\">Casos de proyectos:<\/h3>\n<div class=\"case-2c\">\n<div class=\"case-text\">\n<h4>Caso 1: Nombre del proyecto: Proyecto de puente de alta velocidad de Guizhou Guijin<\/h4>\n<ul>\n<li>Tipo: BHFS-4W-16A\/80<\/li>\n<li>Fecha de instalaci\u00f3n: 2023-4<\/li>\n<li>Altura: 400 m<\/li>\n<li>Potencia del motor: 2*12KW<\/li>\n<\/ul>\n<\/div>\n<div class=\"case-img\"><img decoding=\"async\" src=\"\/wp-content\/uploads\/2025\/03\/4.webp\" alt=\"Caso de proyecto de sistema de barras conductoras el\u00e9ctricas de 16 mm2\" \/><\/div>\n<\/div>\n<div class=\"case-2c\">\n<div class=\"case-text\">\n<h4>Caso 2: Nombre del proyecto:Complejo agr\u00edcola de MuYuanProyecto<\/h4>\n<ul>\n<li>Tipo: BHFS-4W-16A\/80<\/li>\n<li>Fecha de instalaci\u00f3n: 2021-4<\/li>\n<li>Altura: 120 m<\/li>\n<li>Potencia del motor: 1*11kW+1*2,2kW<\/li>\n<\/ul>\n<\/div>\n<div class=\"case-img\"><img decoding=\"async\" src=\"\/wp-content\/uploads\/2025\/04\/4w16a-2.webp\" alt=\"Caso de proyecto de sistema de barras conductoras el\u00e9ctricas de 16 mm2\" \/><\/div>\n<\/div>\n<div class=\"case-2c\">\n<div class=\"case-text\">\n<h4>Caso 3: Nombre del proyecto: Cubierta de recogida m\u00f3vil para molienda de acero de San<\/h4>\n<ul>\n<li>Tipo: BHFS-4W-16A\/80<\/li>\n<li>Fecha de instalaci\u00f3n inicial: 2017-4<\/li>\n<li>Fecha de instalaci\u00f3n: 2023-12<\/li>\n<li>Altura: 45 m<\/li>\n<\/ul>\n<\/div>\n<div class=\"case-img\"><img decoding=\"async\" src=\"\/wp-content\/uploads\/2025\/04\/4w16a-3.webp\" alt=\"Caso de proyecto de sistema de barras conductoras el\u00e9ctricas de 16 mm2\" \/><\/div>\n<\/div>\n<div class=\"case-2c\">\n<div class=\"case-text\">\n<h4>Caso 4: Nombre del proyecto: Edificio del Grupo InspurProyecto<\/h4>\n<ul>\n<li>Tipo: BHFS-4W-16A\/80<\/li>\n<li>Fecha de instalaci\u00f3n: 2019-9<\/li>\n<li>Altura: 280 m<\/li>\n<li>Potencia del motor: 2*5,5 kW<\/li>\n<\/ul>\n<\/div>\n<div class=\"case-img\"><img decoding=\"async\" src=\"\/wp-content\/uploads\/2025\/04\/4w16a-4.webp\" alt=\"Caso de proyecto de sistema de barras conductoras el\u00e9ctricas de 16 mm2\" \/><\/div>\n<\/div>\n<div class=\"case-2c\">\n<div class=\"case-text\">\n<h4>Caso 5: Nombre del proyecto: Proyecto de tratamiento de aguas residuales de Xinzhuang, GuizhouPuente ferroviario<\/h4>\n<ul>\n<li>Tipo: BHFS-4W-16A\/80<\/li>\n<li>Fecha de instalaci\u00f3n: 2022-3<\/li>\n<li>Altura: 6 m<\/li>\n<\/ul>\n<\/div>\n<div class=\"case-img\"><img decoding=\"async\" src=\"\/wp-content\/uploads\/2025\/04\/4w16a-5.webp\" alt=\"Caso de proyecto de sistema de barras conductoras el\u00e9ctricas de 16 mm2\" \/><\/div>\n<\/div>","protected":false},"excerpt":{"rendered":"<h2>16 mm<sup>2<\/sup> Sistema de barras el\u00e9ctricas<\/h2>\n<ul>\n<li>Modelo: BHFS-4W-16A\/80<\/li>\n<li>Corriente nominal (A): 80<\/li>\n<li>Tensi\u00f3n nominal (V): 380<\/li>\n<li>Radio m\u00ednimo de curvatura (mm): 800<\/li>\n<li>Dimensi\u00f3n de la unidad (mm): 3016 x 67 x 55<\/li>\n<li>Peso unitario (kg): 8.6<\/li>\n<li>Equivalente a 16 mm<sup>2<\/sup> Cable de cobre<\/li>\n<\/ul>\n<p><strong>Sistema de barras el\u00e9ctricas<\/strong> adopta material aislante de alta resistencia como la c\u00e1scara, anti-envejecimiento, resistencia UV, buena resistencia a la corrosi\u00f3n, material compuesto interno como la tira conductora, cobre p\u00farpura como el conector conductor, f\u00e1cil de enchufar y conectar. Se puede utilizar en interiores y exteriores, rentable.<br \/>\nEspecialmente indicado para la decoraci\u00f3n de muros cortina exteriores, limpieza de fachadas, parques de atracciones, patios de ferrocarril, terminales portuarias y otros lugares de elevaci\u00f3n y transporte de maquinaria y atracciones de feria de alimentaci\u00f3n m\u00f3vil lateral.<\/p>","protected":false},"featured_media":651,"template":"","meta":{"_uag_custom_page_level_css":"","site-sidebar-layout":"default","site-content-layout":"","ast-site-content-layout":"default","site-content-style":"default","site-sidebar-style":"default","ast-global-header-display":"","ast-banner-title-visibility":"","ast-main-header-display":"","ast-hfb-above-header-display":"","ast-hfb-below-header-display":"","ast-hfb-mobile-header-display":"","site-post-title":"","ast-breadcrumbs-content":"","ast-featured-img":"","footer-sml-layout":"","ast-disable-related-posts":"","theme-transparent-header-meta":"default","adv-header-id-meta":"","stick-header-meta":"default","header-above-stick-meta":"","header-main-stick-meta":"","header-below-stick-meta":"","astra-migrate-meta-layouts":"set","ast-page-background-enabled":"default","ast-page-background-meta":{"desktop":{"background-color":"var(--ast-global-color-5)","background-image":"","background-repeat":"repeat","background-position":"center center","background-size":"auto","background-attachment":"scroll","background-type":"","background-media":"","overlay-type":"","overlay-color":"","overlay-opacity":"","overlay-gradient":""},"tablet":{"background-color":"","background-image":"","background-repeat":"repeat","background-position":"center center","background-size":"auto","background-attachment":"scroll","background-type":"","background-media":"","overlay-type":"","overlay-color":"","overlay-opacity":"","overlay-gradient":""},"mobile":{"background-color":"","background-image":"","background-repeat":"repeat","background-position":"center center","background-size":"auto","background-attachment":"scroll","background-type":"","background-media":"","overlay-type":"","overlay-color":"","overlay-opacity":"","overlay-gradient":""}},"ast-content-background-meta":{"desktop":{"background-color":"var(--ast-global-color-4)","background-image":"","background-repeat":"repeat","background-position":"center center","background-size":"auto","background-attachment":"scroll","background-type":"","background-media":"","overlay-type":"","overlay-color":"","overlay-opacity":"","overlay-gradient":""},"tablet":{"background-color":"var(--ast-global-color-4)","background-image":"","background-repeat":"repeat","background-position":"center center","background-size":"auto","background-attachment":"scroll","background-type":"","background-media":"","overlay-type":"","overlay-color":"","overlay-opacity":"","overlay-gradient":""},"mobile":{"background-color":"var(--ast-global-color-4)","background-image":"","background-repeat":"repeat","background-position":"center center","background-size":"auto","background-attachment":"scroll","background-type":"","background-media":"","overlay-type":"","overlay-color":"","overlay-opacity":"","overlay-gradient":""}}},"product_brand":[],"product_cat":[18,17],"product_tag":[33],"class_list":{"0":"post-845","1":"product","2":"type-product","3":"status-publish","4":"has-post-thumbnail","6":"product_cat-conductor-busbar","7":"product_cat-busbar-system","8":"product_tag-electrical-busbar-system","9":"desktop-align-center","10":"tablet-align-center","11":"mobile-align-center","12":"ast-product-gallery-layout-horizontal-slider","13":"ast-product-tabs-layout-horizontal","15":"first","16":"instock","17":"shipping-taxable","18":"product-type-simple"},"spectra_custom_meta":{"_edit_last":["1"],"_edit_lock":["1745860887:1"],"rank_math_internal_links_processed":["1"],"rank_math_seo_score":["80"],"_thumbnail_id":["651"],"total_sales":["0"],"_tax_status":["taxable"],"_tax_class":[""],"_manage_stock":["no"],"_backorders":["no"],"_sold_individually":["no"],"_virtual":["no"],"_downloadable":["no"],"_download_limit":["-1"],"_download_expiry":["-1"],"_stock":[null],"_stock_status":["instock"],"_wc_average_rating":["0"],"_wc_review_count":["0"],"_product_version":["9.8.2"],"_product_image_gallery":["652,653,654"],"rank_math_primary_product_brand":["0"],"rank_math_primary_product_cat":["18"],"site-sidebar-layout":["default"],"ast-site-content-layout":["default"],"site-content-style":["default"],"site-sidebar-style":["default"],"theme-transparent-header-meta":["default"],"rank_math_focus_keyword":["Electrical Busbar System"],"parameters":["<h3> Parameters for 16mm&sup2 Electrical Busbar System:<\/h3>\r\n<div style=\"overflow-x: auto;\">\r\n<table>\r\n<tbody>\r\n<tr>\r\n<th>Name of Parameter<\/th>\r\n<th>Value<\/th>\r\n<\/tr>\r\n<tr>\r\n<td>Rated Current<\/td>\r\n<td>80A<\/td>\r\n<\/tr>\r\n<tr>\r\n<td>Rated Voltage<\/td>\r\n<td>380V<\/td>\r\n<\/tr>\r\n<tr>\r\n<td>Power Supply Method<\/td>\r\n<td>Three-phase four-wire<\/td>\r\n<\/tr>\r\n<tr>\r\n<td>Unit Dimension<\/td>\r\n<td>3016 x 67 x 55mm<\/td>\r\n<\/tr>\r\n<tr>\r\n<td>Unit Weight<\/td>\r\n<td>8.6kg<\/td>\r\n<\/tr>\r\n<tr>\r\n<td>Enclosure Protection Grade<\/td>\r\n<td>IP10<\/td>\r\n<\/tr>\r\n<tr>\r\n<td>Current Collector<\/td>\r\n<td>Traction force: F &lt; 80N<br \/>Movement speed: V &lt; 33m\/min<\/td>\r\n<\/tr>\r\n<tr>\r\n<td>Brush Coefficient<\/td>\r\n<td>Operation 2000KM, wear &lt; 0.8mm<br \/>Effective brush wear: 5-7mm<br \/>Effective working pressure: 2.08-5.83N\/cm&sup2<\/td>\r\n<\/tr>\r\n <tr>\r\n<td>Environmental Indicators<\/td>\r\n<td>High temperature resistance test: Ordinary type +55&deg;C<br \/>Low temperature resistance test -30&deg;C<br \/>Damp heat resistance test Relative humidity 95%, +25&deg;C<br \/>Atmospheric pressure 86-106KPa<\/td>\r\n<\/tr>\r\n<\/tbody>\r\n<\/table>\r\n<\/div>"],"stick-header-meta":["default"],"_wp_old_slug":["16mm2-curve-conductor-busbar","improved-curve-conductor-busbar","bhfs-4w-16a-curve-conductor-busbar"],"rank_math_contentai_score":["a:5:{s:8:\"keywords\";s:5:\"74.51\";s:9:\"wordCount\";s:1:\"0\";s:9:\"linkCount\";s:1:\"0\";s:12:\"headingCount\";s:1:\"0\";s:10:\"mediaCount\";s:1:\"0\";}"],"_price":[""],"_sale_price":[""],"_product_attributes":["a:3:{s:22:\"pa_application-section\";a:6:{s:4:\"name\";s:22:\"pa_application-section\";s:5:\"value\";s:0:\"\";s:8:\"position\";i:0;s:10:\"is_visible\";i:0;s:12:\"is_variation\";i:0;s:11:\"is_taxonomy\";i:1;}s:21:\"pa_application-fields\";a:6:{s:4:\"name\";s:21:\"pa_application-fields\";s:5:\"value\";s:0:\"\";s:8:\"position\";i:1;s:10:\"is_visible\";i:0;s:12:\"is_variation\";i:0;s:11:\"is_taxonomy\";i:1;}s:8:\"pa_model\";a:6:{s:4:\"name\";s:8:\"pa_model\";s:5:\"value\";s:0:\"\";s:8:\"position\";i:2;s:10:\"is_visible\";i:0;s:12:\"is_variation\";i:0;s:11:\"is_taxonomy\";i:1;}}"],"astra-migrate-meta-layouts":["set"]},"uagb_featured_image_src":{"full":["https:\/\/www.jd-busbar.com\/wp-content\/uploads\/2025\/03\/16mm2-curve-1.webp",800,800,false],"thumbnail":["https:\/\/www.jd-busbar.com\/wp-content\/uploads\/2025\/03\/16mm2-curve-1-150x150.webp",150,150,true],"medium":["https:\/\/www.jd-busbar.com\/wp-content\/uploads\/2025\/03\/16mm2-curve-1-300x300.webp",300,300,true],"medium_large":["https:\/\/www.jd-busbar.com\/wp-content\/uploads\/2025\/03\/16mm2-curve-1-768x768.webp",768,768,true],"large":["https:\/\/www.jd-busbar.com\/wp-content\/uploads\/2025\/03\/16mm2-curve-1.webp",800,800,false],"1536x1536":["https:\/\/www.jd-busbar.com\/wp-content\/uploads\/2025\/03\/16mm2-curve-1.webp",800,800,false],"2048x2048":["https:\/\/www.jd-busbar.com\/wp-content\/uploads\/2025\/03\/16mm2-curve-1.webp",800,800,false],"trp-custom-language-flag":["https:\/\/www.jd-busbar.com\/wp-content\/uploads\/2025\/03\/16mm2-curve-1-12x12.webp",12,12,true],"woocommerce_thumbnail":["https:\/\/www.jd-busbar.com\/wp-content\/uploads\/2025\/03\/16mm2-curve-1-300x300.webp",300,300,true],"woocommerce_single":["https:\/\/www.jd-busbar.com\/wp-content\/uploads\/2025\/03\/16mm2-curve-1.webp",800,800,false],"woocommerce_gallery_thumbnail":["https:\/\/www.jd-busbar.com\/wp-content\/uploads\/2025\/03\/16mm2-curve-1-100x100.webp",100,100,true]},"uagb_author_info":{"display_name":"admin","author_link":"https:\/\/www.jd-busbar.com\/es\/author\/"},"uagb_comment_info":0,"uagb_excerpt":"16mm2 Electrical Busbar System Model: BHFS-4W-16A\/80 Rated Current (A): 80 Rated Voltage (V): 380 Min radius of curvature (mm): 800 Unit Dimension (mm): 3016 x 67 x 55 Unit Weight (kg): 8.6 Equivalent to 16mm2 Copper Cable Electrical Busbar System adopts high-strength insulating material as the shell, anti-aging, UV resistance, good corrosion resistance, internal composite&hellip;","_links":{"self":[{"href":"https:\/\/www.jd-busbar.com\/es\/wp-json\/wp\/v2\/product\/845","targetHints":{"allow":["GET"]}}],"collection":[{"href":"https:\/\/www.jd-busbar.com\/es\/wp-json\/wp\/v2\/product"}],"about":[{"href":"https:\/\/www.jd-busbar.com\/es\/wp-json\/wp\/v2\/types\/product"}],"wp:featuredmedia":[{"embeddable":true,"href":"https:\/\/www.jd-busbar.com\/es\/wp-json\/wp\/v2\/media\/651"}],"wp:attachment":[{"href":"https:\/\/www.jd-busbar.com\/es\/wp-json\/wp\/v2\/media?parent=845"}],"wp:term":[{"taxonomy":"product_brand","embeddable":true,"href":"https:\/\/www.jd-busbar.com\/es\/wp-json\/wp\/v2\/product_brand?post=845"},{"taxonomy":"product_cat","embeddable":true,"href":"https:\/\/www.jd-busbar.com\/es\/wp-json\/wp\/v2\/product_cat?post=845"},{"taxonomy":"product_tag","embeddable":true,"href":"https:\/\/www.jd-busbar.com\/es\/wp-json\/wp\/v2\/product_tag?post=845"}],"curies":[{"name":"wp","href":"https:\/\/api.w.org\/{rel}","templated":true}]}}