{"id":18,"date":"2025-03-23T10:49:07","date_gmt":"2025-03-23T10:49:07","guid":{"rendered":"https:\/\/www.jd-busbar.com\/?post_type=product&#038;p=18"},"modified":"2025-04-30T16:39:04","modified_gmt":"2025-04-30T16:39:04","slug":"bhfs-5-8a-linea-de-contacto-deslizante","status":"publish","type":"product","link":"https:\/\/www.jd-busbar.com\/es\/bhfs-5-8a-sliding-contact-line\/","title":{"rendered":"BHFS-5-8A L\u00ednea de contacto deslizante"},"content":{"rendered":"<h3>8 mm<sup>2<\/sup> L\u00ednea de contacto deslizante con funciones:<\/h3>\n<ul>\n<li>No absorbe la carga del ascensor: el <a href=\"\/seamless-sliding-contact-line\/\">l\u00ednea de contacto deslizante<\/a> se fija en la secci\u00f3n est\u00e1ndar, el peso se descompone en cada secci\u00f3n est\u00e1ndar, y no aumenta la carga de la jaula.<\/li>\n<li>No se ve afectado por el clima: est\u00e1 fijado en la secci\u00f3n est\u00e1ndar, no importa lo ventoso que sea, la l\u00ednea de contacto deslizante es estacionaria y no afecta al funcionamiento del polipasto de construcci\u00f3n.<\/li>\n<li>No es f\u00e1cil de perder: el desmantelamiento de los cables de deslizamiento no es rentable, ya que tienen poco valor a\u00f1adido.<\/li>\n<li>Da\u00f1o f\u00e1cil de reemplazar: es piezas ensambladas, que las partes est\u00e1n da\u00f1adas, s\u00f3lo tiene que sustituir las piezas da\u00f1adas, no es necesario sustituir toda la ra\u00edz, y las partes son m\u00e1s f\u00e1ciles de reemplazar, s\u00f3lo tiene que desmontar las articulaciones pueden ser reemplazados en el acto.<\/li>\n<li>Sin sobrecarga: Cuando el polipasto de construcci\u00f3n est\u00e1 equipado con \u00e9l, si el l\u00edmite falla y el colector se precipita fuera de la parte superior de la l\u00ednea de contacto deslizante, el sistema cortar\u00e1 autom\u00e1ticamente la alimentaci\u00f3n, y el polipasto dejar\u00e1 de funcionar y no ser\u00e1 rematado.<\/li>\n<li>Puede a\u00f1adirse seg\u00fan el avance del proyecto: la longitud de cada l\u00ednea de contacto deslizante es de 3016 mm, lo que equivale a la altura de dos secciones est\u00e1ndar, y el m\u00e9todo de conexi\u00f3n es de tipo enchufable, que puede a\u00f1adirse con la altura de la secci\u00f3n est\u00e1ndar.<\/li>\n<li>Reciclable: El alambre de deslizamiento se puede utilizar normalmente de 4 a 6 a\u00f1os, y cuando se termina el proyecto, se puede volver a utilizar.<\/li>\n<\/ul>","protected":false},"excerpt":{"rendered":"<h2>8 mm<sup>2<\/sup> L\u00ednea de contacto deslizante<\/h2>\n<ul>\n<li>Modelo\uff1aBHFS-5-8A\/40<\/li>\n<li>Corriente nominal (A)\uff1a40<\/li>\n<li>Tensi\u00f3n nominal (V)\uff1a380<\/li>\n<li>Tipo de cable\uff1atrif\u00e1sico de cinco hilos<\/li>\n<li>Dimensiones de la unidad (mm)\uff1a3016 x 50 x 32<\/li>\n<li>Peso unitario (kg)\uff1a4.3<\/li>\n<li>Grado de protecci\u00f3n de la caja: IP23<\/li>\n<\/ul>\n<p><strong>L\u00ednea de contacto deslizante<\/strong> es un nuevo tipo de dispositivo de transmisi\u00f3n y distribuci\u00f3n de energ\u00eda, la carcasa est\u00e1 hecha de material aislante de alta calidad, incrustado con 5 cables de aluminio de transmisi\u00f3n de energ\u00eda como la barra colectora de transmisi\u00f3n, equipado con colector m\u00f3vil y flexible, estructura simple y compacta, segura y fiable, ahorro de energ\u00eda.<\/p>\n<p>La longitud de la unidad es de 3016 mm (equivalente a la altura de 2 nudillos est\u00e1ndar), y se monta directamente en los nudillos est\u00e1ndar con abrazaderas de hierro. Su nacimiento resuelve eficazmente los problemas de corta vida \u00fatil del cable, facilidad de robo, facilidad de desconexi\u00f3n con viento y afectaci\u00f3n a la seguridad de la construcci\u00f3n, que llevan a\u00f1os preocupando a los clientes.<\/p>","protected":false},"featured_media":1209,"template":"","meta":{"_uag_custom_page_level_css":"","site-sidebar-layout":"default","site-content-layout":"","ast-site-content-layout":"default","site-content-style":"default","site-sidebar-style":"default","ast-global-header-display":"","ast-banner-title-visibility":"","ast-main-header-display":"","ast-hfb-above-header-display":"","ast-hfb-below-header-display":"","ast-hfb-mobile-header-display":"","site-post-title":"","ast-breadcrumbs-content":"","ast-featured-img":"","footer-sml-layout":"","ast-disable-related-posts":"","theme-transparent-header-meta":"default","adv-header-id-meta":"","stick-header-meta":"default","header-above-stick-meta":"","header-main-stick-meta":"","header-below-stick-meta":"","astra-migrate-meta-layouts":"set","ast-page-background-enabled":"default","ast-page-background-meta":{"desktop":{"background-color":"var(--ast-global-color-5)","background-image":"","background-repeat":"repeat","background-position":"center center","background-size":"auto","background-attachment":"scroll","background-type":"","background-media":"","overlay-type":"","overlay-color":"","overlay-opacity":"","overlay-gradient":""},"tablet":{"background-color":"","background-image":"","background-repeat":"repeat","background-position":"center center","background-size":"auto","background-attachment":"scroll","background-type":"","background-media":"","overlay-type":"","overlay-color":"","overlay-opacity":"","overlay-gradient":""},"mobile":{"background-color":"","background-image":"","background-repeat":"repeat","background-position":"center center","background-size":"auto","background-attachment":"scroll","background-type":"","background-media":"","overlay-type":"","overlay-color":"","overlay-opacity":"","overlay-gradient":""}},"ast-content-background-meta":{"desktop":{"background-color":"var(--ast-global-color-4)","background-image":"","background-repeat":"repeat","background-position":"center center","background-size":"auto","background-attachment":"scroll","background-type":"","background-media":"","overlay-type":"","overlay-color":"","overlay-opacity":"","overlay-gradient":""},"tablet":{"background-color":"var(--ast-global-color-4)","background-image":"","background-repeat":"repeat","background-position":"center center","background-size":"auto","background-attachment":"scroll","background-type":"","background-media":"","overlay-type":"","overlay-color":"","overlay-opacity":"","overlay-gradient":""},"mobile":{"background-color":"var(--ast-global-color-4)","background-image":"","background-repeat":"repeat","background-position":"center center","background-size":"auto","background-attachment":"scroll","background-type":"","background-media":"","overlay-type":"","overlay-color":"","overlay-opacity":"","overlay-gradient":""}}},"product_brand":[],"product_cat":[18,17],"product_tag":[27],"class_list":{"0":"post-18","1":"product","2":"type-product","3":"status-publish","4":"has-post-thumbnail","6":"product_cat-conductor-busbar","7":"product_cat-busbar-system","8":"product_tag-sliding-contact-line","9":"desktop-align-center","10":"tablet-align-center","11":"mobile-align-center","12":"ast-product-gallery-layout-horizontal-slider","13":"ast-product-tabs-layout-horizontal","15":"first","16":"instock","17":"shipping-taxable","18":"product-type-simple"},"spectra_custom_meta":{"_edit_last":["1"],"_edit_lock":["1746031040:1"],"total_sales":["0"],"_tax_status":["taxable"],"_tax_class":[""],"_manage_stock":["no"],"_backorders":["no"],"_sold_individually":["no"],"_virtual":["no"],"_downloadable":["no"],"_download_limit":["-1"],"_download_expiry":["-1"],"_stock":[null],"_stock_status":["instock"],"_wc_average_rating":["0"],"_wc_review_count":["0"],"_product_version":["9.8.2"],"site-sidebar-layout":["default"],"ast-site-content-layout":["default"],"site-content-style":["default"],"site-sidebar-style":["default"],"theme-transparent-header-meta":["default"],"rank_math_internal_links_processed":["1"],"rank_math_seo_score":["78"],"rank_math_contentai_score":["a:5:{s:8:\"keywords\";s:5:\"74.51\";s:9:\"wordCount\";s:1:\"0\";s:9:\"linkCount\";s:1:\"0\";s:12:\"headingCount\";s:1:\"0\";s:10:\"mediaCount\";s:1:\"0\";}"],"rank_math_primary_product_brand":["0"],"rank_math_primary_product_cat":["18"],"_wp_old_slug":["8mm2%e6%bb%91%e8%a7%a6%e7%ba%bf","8mm2-conductor-busbar","8mm2-sliding-contact-line","new-sliding-contact-line-8mm2","new-low-cost-sliding-contact-line","new-reliable-sliding-contact-line","reliable-sliding-contact-line"],"_product_image_gallery":["1146,1145,1144"],"rank_math_focus_keyword":["Sliding Contact Line"],"rank_math_title":["%title% %sep% %sitename%"],"parameters":["<h3>Parameters for 8mm&sup2 Sliding Contact Line:<\/h3>\r\n<div style=\"overflow-x: auto;\">\r\n<table>\r\n<tbody>\r\n<tr>\r\n<th>Name of Parameter<\/th>\r\n<th>Value<\/th>\r\n<\/tr>\r\n<tr>\r\n<td>Rated Current<\/td>\r\n<td>40A<\/td>\r\n<\/tr>\r\n<tr>\r\n<td>Rated Voltage<\/td>\r\n<td>380V<\/td>\r\n<\/tr>\r\n<tr>\r\n<td>Power Supply Method<\/td>\r\n<td>Three-phase five-wire<\/td>\r\n<\/tr>\r\n<tr>\r\n<td>Unit Dimension<\/td>\r\n<td>3016 x 50 x 32mm<\/td>\r\n<\/tr>\r\n<tr>\r\n<td>Unit Weight<\/td>\r\n<td>4.3kg<\/td>\r\n<\/tr>\r\n<tr>\r\n<td>Enclosure Protection Grade<\/td>\r\n<td>IP23<\/td>\r\n<\/tr>\r\n<tr>\r\n<td>Current Collector<\/td>\r\n<td>Traction force: F &lt; 80N<br \/>Movement speed: V &lt; 33m\/min<\/td>\r\n<\/tr>\r\n<tr>\r\n<td>Brush Coefficient<\/td>\r\n<td>Operation 2000KM, wear &lt; 1.8mm<br \/>Effective brush wear: 2-3mm<br \/>Effective working pressure: 1.6-2.5N\/cm&sup2<\/td>\r\n<\/tr>\r\n <tr>\r\n<td>Environmental Indicators<\/td>\r\n<td>High temperature resistance test: Ordinary type +55&deg;C<br \/>Low temperature resistance test -30&deg;C<br \/>Damp heat resistance test Relative humidity 95%, +25&deg;C<br \/>Atmospheric pressure 86-106KPa<\/td>\r\n<\/tr>\r\n<\/tbody>\r\n<\/table>\r\n<\/div>"],"stick-header-meta":["default"],"_price":[""],"_sale_price":[""],"_product_attributes":["a:3:{s:22:\"pa_application-section\";a:6:{s:4:\"name\";s:22:\"pa_application-section\";s:5:\"value\";s:0:\"\";s:8:\"position\";i:0;s:10:\"is_visible\";i:0;s:12:\"is_variation\";i:0;s:11:\"is_taxonomy\";i:1;}s:21:\"pa_application-fields\";a:6:{s:4:\"name\";s:21:\"pa_application-fields\";s:5:\"value\";s:0:\"\";s:8:\"position\";i:1;s:10:\"is_visible\";i:0;s:12:\"is_variation\";i:0;s:11:\"is_taxonomy\";i:1;}s:8:\"pa_model\";a:6:{s:4:\"name\";s:8:\"pa_model\";s:5:\"value\";s:0:\"\";s:8:\"position\";i:2;s:10:\"is_visible\";i:0;s:12:\"is_variation\";i:0;s:11:\"is_taxonomy\";i:1;}}"],"_thumbnail_id":["1209"],"astra-migrate-meta-layouts":["set"]},"uagb_featured_image_src":{"full":["https:\/\/www.jd-busbar.com\/wp-content\/uploads\/2025\/04\/8a-v3-1.webp",1200,1200,false],"thumbnail":["https:\/\/www.jd-busbar.com\/wp-content\/uploads\/2025\/04\/8a-v3-1-150x150.webp",150,150,true],"medium":["https:\/\/www.jd-busbar.com\/wp-content\/uploads\/2025\/04\/8a-v3-1-300x300.webp",300,300,true],"medium_large":["https:\/\/www.jd-busbar.com\/wp-content\/uploads\/2025\/04\/8a-v3-1-768x768.webp",768,768,true],"large":["https:\/\/www.jd-busbar.com\/wp-content\/uploads\/2025\/04\/8a-v3-1-1024x1024.webp",1024,1024,true],"1536x1536":["https:\/\/www.jd-busbar.com\/wp-content\/uploads\/2025\/04\/8a-v3-1.webp",1200,1200,false],"2048x2048":["https:\/\/www.jd-busbar.com\/wp-content\/uploads\/2025\/04\/8a-v3-1.webp",1200,1200,false],"trp-custom-language-flag":["https:\/\/www.jd-busbar.com\/wp-content\/uploads\/2025\/04\/8a-v3-1-12x12.webp",12,12,true],"woocommerce_thumbnail":["https:\/\/www.jd-busbar.com\/wp-content\/uploads\/2025\/04\/8a-v3-1-300x300.webp",300,300,true],"woocommerce_single":["https:\/\/www.jd-busbar.com\/wp-content\/uploads\/2025\/04\/8a-v3-1-800x800.webp",800,800,true],"woocommerce_gallery_thumbnail":["https:\/\/www.jd-busbar.com\/wp-content\/uploads\/2025\/04\/8a-v3-1-100x100.webp",100,100,true]},"uagb_author_info":{"display_name":"admin","author_link":"https:\/\/www.jd-busbar.com\/es\/author\/"},"uagb_comment_info":0,"uagb_excerpt":"8mm2 Sliding Contact Line Model\uff1aBHFS-5-8A\/40 Rated current (A)\uff1a40 Rated Voltage (V)\uff1a380 Wire type\uff1athree-phase five-wires Unit dimension (mm)\uff1a3016 x 50 x 32 Unit weight (kg)\uff1a4.3 Enclosure protection grade: IP23 Sliding Contact Line is a new type of power transmission and distribution device, the shell is made of high quality insulating material, embedded with 5 power transmission&hellip;","_links":{"self":[{"href":"https:\/\/www.jd-busbar.com\/es\/wp-json\/wp\/v2\/product\/18","targetHints":{"allow":["GET"]}}],"collection":[{"href":"https:\/\/www.jd-busbar.com\/es\/wp-json\/wp\/v2\/product"}],"about":[{"href":"https:\/\/www.jd-busbar.com\/es\/wp-json\/wp\/v2\/types\/product"}],"wp:featuredmedia":[{"embeddable":true,"href":"https:\/\/www.jd-busbar.com\/es\/wp-json\/wp\/v2\/media\/1209"}],"wp:attachment":[{"href":"https:\/\/www.jd-busbar.com\/es\/wp-json\/wp\/v2\/media?parent=18"}],"wp:term":[{"taxonomy":"product_brand","embeddable":true,"href":"https:\/\/www.jd-busbar.com\/es\/wp-json\/wp\/v2\/product_brand?post=18"},{"taxonomy":"product_cat","embeddable":true,"href":"https:\/\/www.jd-busbar.com\/es\/wp-json\/wp\/v2\/product_cat?post=18"},{"taxonomy":"product_tag","embeddable":true,"href":"https:\/\/www.jd-busbar.com\/es\/wp-json\/wp\/v2\/product_tag?post=18"}],"curies":[{"name":"wp","href":"https:\/\/api.w.org\/{rel}","templated":true}]}}